{"id":4034,"date":"2013-01-16T10:42:09","date_gmt":"2013-01-16T09:42:09","guid":{"rendered":"http:\/\/zupavodnjan.com\/vodnjan-parish\/don-vinko-peresa"},"modified":"2013-08-27T12:43:40","modified_gmt":"2013-08-27T11:43:40","slug":"don-vinko-peresa","status":"publish","type":"page","link":"https:\/\/zupavodnjan.com\/en\/vodnjan-parish\/don-vinko-peresa","title":{"rendered":"Don Vinko Pere\u0161a"},"content":{"rendered":"<p>[message_box color=&#8221;red&#8221;]Unfortunately, this page is only in Croatian. If you want to help, <strong><a href=\"https:\/\/zupavodnjan.com\/en\/vodnjan-parish\/donations\">you can donate funds<\/a><\/strong> for translation.[\/message_box]<br \/>\n<div id=\"jig1\" class=\"justified-image-grid jig-a3be1b5e9fd022ec745033ff38253aa8 jig-preset-global\"><div class=\"jig-clearfix\"><\/div><noscript id=\"jig1-html\" class=\"justified-image-grid-html\" data-lazy-src=\"skiplazyload\" data-src=\"skipunveillazyload\"><ul><li><a href=\"https:\/\/zupavodnjan.com\/wp-content\/gallery\/razno\/don-vinko-peresa.jpg\"><img loading=\"lazy\" decoding=\"async\" src=\"https:\/\/zupavodnjan.com\/wp-content\/gallery\/razno\/don-vinko-peresa.jpg\" alt=\"\" width=\"754\" height=\"1081\" \/><\/a><\/li><\/ul><\/noscript><\/div><br \/>\n[divider scroll_text=&#8221;&#8221;]<\/p>\n<h2>Don Vinko Pere\u0161a, vodnjanski \u017eupnik 1947. \u2013 1975.<\/h2>\n<p>Don Pere\u0161a je ro\u0111en u Barbanu 2. velja\u010de 1916. , zare\u0111en je bio 6. srpnja 1941. U Vodnjanu je radio punih 28 godina. Velika je njegova zasluga \u0161to je pod krovom uspio o\u010duvati sve crkve. Sredio je i napravio Inventar arhiva \u017dupnog ureda \u0161to bi bilo dobro objaviti. Iz arhiva se vidi pulsiranje \u017eivota kroz stolje\u0107a u Vodnjanu i \u0161ire. Na mjesto Rodolfa Tonceticha u Vodnjan tako 1947. na sve\u0107eni\u010dku slu\u017ebu dolazi vl\u010d Vinko Pere\u0161a koji je ranije bio upravitelj u Jur\u0161i\u0107ima.<\/p>\n<p>U ratnom vihoru, previranjima sa svih strana, Nijemci u pro\u010de\u0161ljavanju terena u podrumu \u017eupne ku\u0107e u Jur\u0161i\u0107ima, dok je upravitelj bio Don Pere\u0161a, nalaze izvjesnu koli\u010dinu partizanskog oru\u017eja. \u201ePo kratkom postupku\u201c osu\u0111uju ga na vje\u0161anje. Sa konopom oko vrata doveden je pod stablo kada na sre\u0107u nailazi zapovjednik karabinjera. Uspio je uvjeriti Nijemce kako \u017eupnik nije odgovoran za skladi\u0161tenje oru\u017eja jer po naravi stvari nije se ni smjelo koristiti \u017eupnu ku\u0107u u takve svrhe. Uva\u017eili su intervenciju no time opasnost nije minula. Don Pere\u0161i je prijetio njema\u010dki koncentracioni logor \u0161to je u biti bila smrt na du\u017ei rok. Don Rodlfo Toncetich je o svemu obavijestio biskupa mons. Rafaela Radossija u Pore\u010du, a taj je stupio u vezu s njema\u010dkom komandom preko pulskog \u017eupnika dr. Antonia Angelija, nekada\u0161njeg vodnjanskog \u017eupnika koji je dobro govorio njema\u010dki. Njema\u010dka je komanda biskupu popustila ali uz uvjet da vl\u010d. Pere\u0161u i ve\u0107 uhi\u0107enog vl\u010d. Kazimira Pai\u0107a, \u017eupnika sv. Ivana od \u0160terne progna iz Istre. Pere\u0161a je morao u izgnanstvo gdje je \u0161est mjeseci \u017eivio zato\u010den u franjeva\u010dkom samostanu San Piero kraj Padove.<\/p>\n<p>Don Pere\u0161a je jo\u0161 jednom u Vodnjanu izbjegao sigurnoj smrti. Bio je poznat po to\u010dnosti. Jednog je jutra 1952. trebao odr\u017eati misu na oltaru Muke Isusove. To je jutro neobja\u0161njivo zakasnio nekoliko minuta. Kroz tih se par minuta sru\u0161io kameni oltar pod kojim bi sigurno bio poginuo. Don Vinko Pere\u0161a \u017eivio je siroma\u0161no. Deset je godina \u0161tedio da se u crkvi postavi novi koncilski oltar prema narodu. Oltar je trebao biti postavljen za sv. Bla\u017ea 1975. Sam je radnicima pomogao u crkvu nositi te\u0161ke kamene dijelove oltara. Na\u017ealost, nije do\u010dekao inauguraciju oltara. \u010casna ga je sestra Benedikta Duli\u0107 ujutro 7. velja\u010de na\u0161la mrtva. Bio je veli\u010danstveni sprovod i pokopan je na gradskom groblju u Vodnjanu. Bila je to tu\u017ena Bla\u017eeva.<\/p>\n<p>[divider scroll_text=&#8221;&#8221;]<\/p>\n<div class=\"menu\"><ul>\n<li ><a href=\"https:\/\/zupavodnjan.com\/en\">Home<\/a><\/li><li class=\"page_item page-item-3984\"><a href=\"https:\/\/zupavodnjan.com\/en\/main\">main<\/a><\/li>\n<li class=\"page_item page-item-3935 page_item_has_children\"><a href=\"https:\/\/zupavodnjan.com\/en\/churches\">Churches<\/a>\n<ul class='children'>\n\t<li class=\"page_item page-item-3937 page_item_has_children\"><a href=\"https:\/\/zupavodnjan.com\/en\/churches\/saint-blasius\">Saint Blasius<\/a>\n\t<ul class='children'>\n\t\t<li class=\"page_item page-item-4037\"><a href=\"https:\/\/zupavodnjan.com\/en\/churches\/saint-blasius\/venerio-trevisan\">Venerio Trevisan<\/a><\/li>\n\t\t<li class=\"page_item page-item-4038\"><a href=\"https:\/\/zupavodnjan.com\/en\/churches\/saint-blasius\/stained-glass-of-the-church-of-st-blasius-ring-of-salvation\">Stained glass of the Church of St. Blasius \u2013 Ring of salvation<\/a><\/li>\n\t\t<li class=\"page_item page-item-3949\"><a href=\"https:\/\/zupavodnjan.com\/en\/churches\/saint-blasius\/crypt\">Crypt<\/a><\/li>\n\t<\/ul>\n<\/li>\n\t<li class=\"page_item page-item-4041\"><a href=\"https:\/\/zupavodnjan.com\/en\/churches\/madonna-of-traverse\">Madonna of Traverse<\/a><\/li>\n\t<li class=\"page_item page-item-4039\"><a href=\"https:\/\/zupavodnjan.com\/en\/churches\/our-lady-of-mount-carmel\">Our Lady of Mount Carmel<\/a><\/li>\n\t<li class=\"page_item page-item-3940\"><a href=\"https:\/\/zupavodnjan.com\/en\/churches\/saint-fosca\">Saint Fosca<\/a><\/li>\n\t<li class=\"page_item page-item-4043\"><a href=\"https:\/\/zupavodnjan.com\/en\/churches\/saint-jacob\">Saint Jacob<\/a><\/li>\n\t<li class=\"page_item page-item-4047\"><a href=\"https:\/\/zupavodnjan.com\/en\/churches\/holy-cross\">Holy Cross<\/a><\/li>\n\t<li class=\"page_item page-item-4048\"><a href=\"https:\/\/zupavodnjan.com\/en\/churches\/saint-martin\">Saint Martin<\/a><\/li>\n\t<li class=\"page_item page-item-4049\"><a href=\"https:\/\/zupavodnjan.com\/en\/churches\/saint-roch\">Saint Roch<\/a><\/li>\n\t<li class=\"page_item page-item-4046\"><a href=\"https:\/\/zupavodnjan.com\/en\/churches\/saint-catherine\">Saint Catherine<\/a><\/li>\n\t<li class=\"page_item page-item-4045\"><a href=\"https:\/\/zupavodnjan.com\/en\/churches\/ostale-crkve-vodnjanstine\">Ostale crkve Vodnjan\u0161tine<\/a><\/li>\n<\/ul>\n<\/li>\n<li class=\"page_item page-item-3942\"><a href=\"https:\/\/zupavodnjan.com\/en\/holy-bodies\">Holy Bodies<\/a><\/li>\n<li class=\"page_item page-item-3959 page_item_has_children\"><a href=\"https:\/\/zupavodnjan.com\/en\/museum\">Museum<\/a>\n<ul class='children'>\n\t<li class=\"page_item page-item-3963\"><a href=\"https:\/\/zupavodnjan.com\/en\/museum\/chronology-of-the-collection-formation\">Chronology of the collection formation<\/a><\/li>\n\t<li class=\"page_item page-item-3965\"><a href=\"https:\/\/zupavodnjan.com\/en\/museum\/collection-contents\">Collection contents<\/a><\/li>\n\t<li class=\"page_item page-item-4050\"><a href=\"https:\/\/zupavodnjan.com\/en\/museum\/collection-exhibit\">Collection exhibit<\/a><\/li>\n<\/ul>\n<\/li>\n<li class=\"page_item page-item-3968 page_item_has_children\"><a href=\"https:\/\/zupavodnjan.com\/en\/events-2\">Events<\/a>\n<ul class='children'>\n\t<li class=\"page_item page-item-4051\"><a href=\"https:\/\/zupavodnjan.com\/en\/events-2\/publikacije\">Publikacije<\/a><\/li>\n\t<li class=\"page_item page-item-3970\"><a href=\"https:\/\/zupavodnjan.com\/en\/events-2\/famous-people-in-vodnjan\">Famous people in Vodnjan<\/a><\/li>\n\t<li class=\"page_item page-item-4053\"><a href=\"https:\/\/zupavodnjan.com\/en\/events-2\/iskrice-djecji-festival-duhovne-glazbe\">Iskrice &#8211; dje\u010dji festival duhovne glazbe<\/a><\/li>\n\t<li class=\"page_item page-item-4054\"><a href=\"https:\/\/zupavodnjan.com\/en\/events-2\/poveznice\">Poveznice<\/a><\/li>\n<\/ul>\n<\/li>\n<li class=\"page_item page-item-4055\"><a href=\"https:\/\/zupavodnjan.com\/en\/glossary\">Glossary<\/a><\/li>\n<li class=\"page_item page-item-4018 page_item_has_children\"><a href=\"https:\/\/zupavodnjan.com\/en\/contact\">Contact<\/a>\n<ul class='children'>\n\t<li class=\"page_item page-item-4025\"><a href=\"https:\/\/zupavodnjan.com\/en\/contact\/impressum\">Impressum<\/a><\/li>\n<\/ul>\n<\/li>\n<li class=\"page_item page-item-3927\"><a href=\"https:\/\/zupavodnjan.com\/en\/vodnjan-parish\/history-of-the-parish\">History of the parish<\/a><\/li>\n<li class=\"page_item page-item-4028\"><a href=\"https:\/\/zupavodnjan.com\/en\/vodnjan-parish\/gaetano-gresler\">Gaetano Gresler<\/a><\/li>\n<li class=\"page_item page-item-4034\"><a href=\"https:\/\/zupavodnjan.com\/en\/vodnjan-parish\/don-vinko-peresa\">Don Vinko Pere\u0161a<\/a><\/li>\n<li class=\"page_item page-item-4035\"><a href=\"https:\/\/zupavodnjan.com\/en\/vodnjan-parish\/don-rodolfo-toncetti\">Don Rodolfo Toncetti<\/a><\/li>\n<li class=\"page_item page-item-3930\"><a href=\"https:\/\/zupavodnjan.com\/en\/vodnjan-parish\/donations\">Donations<\/a><\/li>\n<\/ul><\/div>\n\n","protected":false},"excerpt":{"rendered":"<p>[message_box color=&#8221;red&#8221;]Unfortunately, this page is only in Croatian. If you want to help, you can donate funds for translation.[\/message_box] <div id=\"jig2\" class=\"justified-image-grid jig-a3be1b5e9fd022ec745033ff38253aa8 jig-preset-global\"><div class=\"jig-clearfix\"><\/div><noscript id=\"jig2-html\" class=\"justified-image-grid-html\" data-lazy-src=\"skiplazyload\" data-src=\"skipunveillazyload\"><ul><li><a href=\"https:\/\/zupavodnjan.com\/wp-content\/gallery\/razno\/don-vinko-peresa.jpg\"><img loading=\"lazy\" decoding=\"async\" src=\"https:\/\/zupavodnjan.com\/wp-content\/gallery\/razno\/don-vinko-peresa.jpg\" alt=\"\" width=\"754\" height=\"1081\" \/><\/a><\/li><\/ul><\/noscript><\/div> [divider scroll_text=&#8221;&#8221;] Don Vinko Pere\u0161a, vodnjanski \u017eupnik 1947. \u2013 1975. Don Pere\u0161a je ro\u0111en u Barbanu 2. velja\u010de 1916. , zare\u0111en je bio 6. srpnja 1941. U Vodnjanu je radio punih 28 [&hellip;]<\/p>\n","protected":false},"author":5,"featured_media":0,"parent":3923,"menu_order":9,"comment_status":"open","ping_status":"open","template":"","meta":{"_et_pb_use_builder":"on","_et_pb_old_content":"","_et_gb_content_width":"","ngg_post_thumbnail":0,"footnotes":""},"dipi_cpt_category":[],"class_list":["post-4034","page","type-page","status-publish","hentry"],"_links":{"self":[{"href":"https:\/\/zupavodnjan.com\/en\/wp-json\/wp\/v2\/pages\/4034","targetHints":{"allow":["GET"]}}],"collection":[{"href":"https:\/\/zupavodnjan.com\/en\/wp-json\/wp\/v2\/pages"}],"about":[{"href":"https:\/\/zupavodnjan.com\/en\/wp-json\/wp\/v2\/types\/page"}],"author":[{"embeddable":true,"href":"https:\/\/zupavodnjan.com\/en\/wp-json\/wp\/v2\/users\/5"}],"replies":[{"embeddable":true,"href":"https:\/\/zupavodnjan.com\/en\/wp-json\/wp\/v2\/comments?post=4034"}],"version-history":[{"count":0,"href":"https:\/\/zupavodnjan.com\/en\/wp-json\/wp\/v2\/pages\/4034\/revisions"}],"up":[{"embeddable":true,"href":"https:\/\/zupavodnjan.com\/en\/wp-json\/wp\/v2\/pages\/3923"}],"wp:attachment":[{"href":"https:\/\/zupavodnjan.com\/en\/wp-json\/wp\/v2\/media?parent=4034"}],"wp:term":[{"taxonomy":"dipi_cpt_category","embeddable":true,"href":"https:\/\/zupavodnjan.com\/en\/wp-json\/wp\/v2\/dipi_cpt_category?post=4034"}],"curies":[{"name":"wp","href":"https:\/\/api.w.org\/{rel}","templated":true}]}}