{"id":4035,"date":"2013-01-16T10:48:43","date_gmt":"2013-01-16T09:48:43","guid":{"rendered":"http:\/\/zupavodnjan.com\/vodnjan-parish\/don-rodolfo-toncetti"},"modified":"2013-08-27T12:44:23","modified_gmt":"2013-08-27T11:44:23","slug":"don-rodolfo-toncetti","status":"publish","type":"page","link":"https:\/\/zupavodnjan.com\/en\/vodnjan-parish\/don-rodolfo-toncetti","title":{"rendered":"Don Rodolfo Toncetti"},"content":{"rendered":"<p>[message_box color=&#8221;red&#8221;]Unfortunately, this page is only in Croatian. If you want to help, <strong><a href=\"https:\/\/zupavodnjan.com\/en\/vodnjan-parish\/donations\">you can donate funds<\/a><\/strong> for translation.[\/message_box]<br \/>\n<div id=\"jig1\" class=\"justified-image-grid jig-4bb941d246d9ffafb3b87ee10ce68b58 jig-preset-global\"><div class=\"jig-clearfix\"><\/div><noscript id=\"jig1-html\" class=\"justified-image-grid-html\" data-lazy-src=\"skiplazyload\" data-src=\"skipunveillazyload\"><ul><li><a href=\"https:\/\/zupavodnjan.com\/wp-content\/gallery\/don-rodolfo-toncetich\/don-rodolfo-toncetich-portret.jpg\"><img loading=\"lazy\" decoding=\"async\" src=\"https:\/\/zupavodnjan.com\/wp-content\/gallery\/don-rodolfo-toncetich\/don-rodolfo-toncetich-portret.jpg\" alt=\"\" width=\"719\" height=\"1080\" \/><\/a><\/li><\/ul><\/noscript><\/div><br \/>\n[divider scroll_text=&#8221;&#8221;]<\/p>\n<h2>\u017dUPNIK U RATU<\/h2>\n<h3><span style=\"color: #999999;\"><strong>Svjedo\u010danstvo don Rodolfa Toncettia dok je bio vodnjanski \u017eupnik<\/strong><\/span><\/h3>\n<p>Don Rodolfo Toncetti ro\u0111en je u Puli, u predgra\u0111u Busoler 6. svibnja 1917. Sin je od Giovannija Ton\u010deti\u0107a i Marie Scichich \u2013 \u0160iki\u0107 upisan u Knjigu kr\u0161tenih kao Toncetich Rudolphus Franciscus, ali je fa\u0161isti\u010dkim dekretom 24. lipnja 1931.br. 158 T prezime \u201eToncettich\u201c promijenjeno u \u201eToncetti\u201c. Zare\u0111en je za sve\u0107enika 2. lipnja 1940. u Pore\u010du po rukama biskupa Trifuna Pederzollija. Sve\u0107eni\u010dku je slu\u017ebu 1940-1. obavljao u Gali\u017eani u op\u0107ini Pula, zatim je 1941-2. radio u Pore\u010du u katedrali i Upravnom uredu biskupije i poslu\u017eivao vi\u0161e okolnih naselja. Od studenoga 1942. bio je kapelan u Vodnjanu, od 1943. do 1946. upravljao je i Jur\u0161i\u0107ima. U Vodnjanu je stanovao u ku\u0107i broj 45 u dana\u0161njoj Smaregliinoj ulici.<\/p>\n<p>Don Rodolfo je upravljao Vodnjanom, Gali\u017eanom, Jur\u0161i\u0107ima i Balama, s oko deset tisu\u0107a vjernika. S tri je \u017eupe bio preoptere\u0107en. Svugdje sti\u017ee famoznim biciklom u crnoj sve\u0107eni\u010dkoj vesti i bijelom ovratniku. Tako, donekle za\u0161ti\u0107en kao slu\u017ebena osoba. Zvali su ga \u201efreccia nera \u2013 crna strjelica\u201c. S tim svojim biciklom dnevno je prevaljivao 40-tak km. &#8211; Bio je poput strjelice, svugdje je brzo stizao svojim biciklom. &#8211; takvog ga se sje\u0107a i Luigi Donora&#8217; koji mu je bio ministrant i \u010desto poslu\u017eivao Misu, a u prigradske crkve vozio ga je don Toncetti sa sobom. U to nemirno vrijeme u Istri su djelovali Nijemci, fa\u0161isti, partizani i tzv republikini, pobornici ideje o samostalnoj republici Sal\u00f2 u Italiji. Sa svima je morao \u017eivjeti i od svih strahovati. Sa SS-ovcima je igrao \u0161ah, fa\u0161isti su imali sjedi\u0161te do njegove ku\u0107e, s partizanima je bio na tajnom sastanku na \u201eStanici 2\u201c nedaleko Crkve sv. Fo\u0161ke, partizani su mu izdali putovnicu za slobodno kretanje oslobo\u0111enim teritorijem Istre. Prvi sti\u017ee u popaljeno selo Gajanu. Pod zaru\u0161enim krovovima pronalazi ljudske ostatke brinu\u0107i kako da ih dostojanstveno pokopa. Cijelo je vrijeme rata, za op\u0107e pomutnje, herojski izlagao svoj \u017eivot spa\u0161avaju\u0107i \u010dovjeka, bez obzira kojoj je strani pripadao. Svojim je rukama pokupio, odvezao i pokopao oko 150 \u017ertava rata.<\/p>\n<p>U ateisti\u010dkoj propagandi i hajci na sve\u0107enike koja je zapo\u010dela nakon rata i on je do\u0161ao na red. Na tzv. Narodnom sudu pred crkvom u Jur\u0161i\u0107ima na blagdan Bezgrje\u0161ne 1946. trebao je biti osu\u0111en na smrt. Sve je po\u010delo nevjerojatnom perfidno\u0161\u0107u. Na sat su mu vjeronauka podmetnuli starijeg dje\u010daka koji za vrijeme molitve nije htio skinuti titovku. Skinuo mu je on i polo\u017eio na klupu. Na su\u0111enju je bio optu\u017een za \u0107u\u0161kanje dje\u010daka, ali ga je spasila djevoj\u010dica vi\u010du\u0107i: \u201eNije istina\u201c. Ali, samo za kratko jer je nova je vlast zbog njegovih na\u010delnih stavova tra\u017eila priliku za likvidaciju. Kap se prelila na Tijelovo 1947. Na tijelovsku je procesiju izi\u0161lo oko 3000 ljudi. Na isto\u010dnom su ga dijelu Vodnjana komunisti trebali uhititi. Zbog oko 1500 mu\u0161karaca u procesiji nisu ga preuzeli, ali su mu odmah nakon procesije dva vojnika donijela poziv za razgovor. Dobro je znao \u0161to zna\u010di \u201epoziv na razgovor\u201c. Potpisao je i oti\u0161li su. On se biciklom preko vrta domogao ceste i pobjegao u Trst.<\/p>\n<p>Mons. Vittorio D&#8217;Alessi primio ga je u biskupiju Concordia-Pordenone i dodijelio mu brdsku \u017eupu sv. Lovre \u0111akona i mu\u010denika u mjestu Toppo. Don Rodolfo ostao je u Toppo gotovo pedeset godina, uvijek neustra\u0161iv za dobro ljudi. Svojom je hrabro\u0161\u0107u uspio preseliti vojni savezni\u010dko-talijanski poligon iz neposredne blizine Toppa gdje su ljudi \u017eivjeli u velikom strahu od \u010destih vojnih manevara. Kad se razbolio od raka, u Avianu je dobio vrlo obeshrabruju\u0107u dijagnozu. Tada je hodo\u010dastio u Lurd i molio: &#8211; Majko Bo\u017eja, ako zna\u0161 da sam jo\u0161 potreban ljudima, ozdravi me, ako ne, do\u0111i po mene. &#8211; Od tada vi\u0161e nije uzimao lijekove. Smatrao se \u010dudesno ozdravljenim. Uspio je svojim juridi\u010dkim sposobnostima isposlovati mirovinu svim sakristanima i \u010dasnim sestrama u Italiji. Smislom za ekonomiju uspio je okretati velika nov\u010dana sredstva i bio je veliki dobrotvor u Italiji, Hrvatskoj, Bosni i Hercegovini, a posebno u Istri. Umire u 88. godini 21. lipnja 2005., a pokopan je na groblju u Toppu.<\/p>\n<p>Kada ga je 20. listopada 1994. posjetio vl\u010d. Ivan Grah don Toncetti mu je iznio mnoge zanimljive doga\u0111aje koji su se u vrijeme i nakon rata zbili u Istri koje je kasnije vl\u010d. Grah priredio i objavio za \u010ditatelje lista \u201eLadonja. A don Rodolfo je neke preveo na talijanski, neke dopunio i mnogo toga jo\u0161 sam zapisao i tako su nastala \u201eSje\u0107anja\u201c koja su objavljena u knjizi \u201e\u017dupnik u ratu\u201c prire\u0111enu od vodnjanskog \u017eupnika Don Marijana Jeleni\u0107a.<\/p>\n<p>U Domu mladih u Vodnjanu je u srijedu 9. travnja 2008. u nazo\u010dnosti biskupa mons. Ivana Milovana, biskupa u miru mons. Antuna Bogeti\u0107a, delegacije \u0161est sve\u0107enika iz Pordenonea, vi\u0161e istarskih sve\u0107enika, gradona\u010delnika Klaudija Vitasovi\u0107a i mno\u0161tva uzvanika predstavljena knjiga na hrvatskom i talijanskom jeziku. Talijanski naziv djela je \u201eTra gli orrori della guerra in Istria\u201c<\/p>\n<p>Prezentacijom knjige u Roveradu &#8211; Vilotte 25. travnja 2008. odana je zahvalnost sve\u0107enicima s na\u0161eg tla koji su uzorno djelovali u Italiji. Uz 200 ljudi bili su nazo\u010dni tr\u0161\u0107anski biskup mons. Eugenio Ravignani, doma\u0107i mons. Ovidio Poletto, mons. Antun Bogeti\u0107, istarski biskup u miru.<\/p>\n<p>U shva\u0107anju na\u0161e povijesti potrebna su nam ovakva svjedo\u010danstva, a u traganju za novim sve\u0107eni\u010dkim zvanjima ovakvi su herojski primjeri izazov.<\/p>\n<h2>Kompletna knjiga \u017dupnik u ratu<\/h2>\n<p>[issuu width=660 height=520 embedBackground=%23f5f5f5 backgroundColor=%23222222 documentid=130115124143-6e16adf27cb94d4d9b1955a70bbb80db docname=rodolfo_toncettich_zupnik_u_ratu username=zoranvodopija tag=dignano unit=px v=2 autofliptime=6000 autoFlip=true]<\/p>\n<p>&nbsp;<\/p>\n<p>&nbsp;<\/p>\n<p>&nbsp;<\/p>\n<p>&nbsp;<\/p>\n<p>&nbsp;<\/p>\n<p>&nbsp;<\/p>\n<p>&nbsp;<\/p>\n<p>&nbsp;<\/p>\n<p>&nbsp;<\/p>\n<p>&nbsp;<\/p>\n<p>&nbsp;<\/p>\n<div id=\"jig2\" class=\"justified-image-grid jig-d0f6d3a98363c318e47f053243d74548 jig-preset-global\"><div class=\"jig-clearfix\"><\/div><noscript id=\"jig2-html\" class=\"justified-image-grid-html\" data-lazy-src=\"skiplazyload\" data-src=\"skipunveillazyload\"><ul><li><a href=\"https:\/\/zupavodnjan.com\/wp-content\/gallery\/don-rodolfo-toncetich\/don-rodolfo-sa-sestrama.jpg\"><img loading=\"lazy\" decoding=\"async\" src=\"https:\/\/zupavodnjan.com\/wp-content\/gallery\/don-rodolfo-toncetich\/don-rodolfo-sa-sestrama.jpg\" alt=\"\" width=\"345\" height=\"230\" \/><\/a><\/li><li><a href=\"https:\/\/zupavodnjan.com\/wp-content\/gallery\/don-rodolfo-toncetich\/don-rodolfo-toncetich-portret.jpg\"><img loading=\"lazy\" decoding=\"async\" src=\"https:\/\/zupavodnjan.com\/wp-content\/gallery\/don-rodolfo-toncetich\/don-rodolfo-toncetich-portret.jpg\" alt=\"\" width=\"153\" height=\"230\" \/><\/a><\/li><li><a href=\"https:\/\/zupavodnjan.com\/wp-content\/gallery\/don-rodolfo-toncetich\/don-rodolfo-na-bicikli.jpg\"><img loading=\"lazy\" decoding=\"async\" src=\"https:\/\/zupavodnjan.com\/wp-content\/gallery\/don-rodolfo-toncetich\/don-rodolfo-na-bicikli.jpg\" alt=\"\" width=\"153\" height=\"230\" \/><\/a><\/li><\/ul><\/noscript><\/div>\n<p>[divider scroll_text=&#8221;&#8221;]<\/p>\n<div class=\"menu\"><ul>\n<li ><a href=\"https:\/\/zupavodnjan.com\/en\">Home<\/a><\/li><li class=\"page_item page-item-3984\"><a href=\"https:\/\/zupavodnjan.com\/en\/main\">main<\/a><\/li>\n<li class=\"page_item page-item-3935 page_item_has_children\"><a href=\"https:\/\/zupavodnjan.com\/en\/churches\">Churches<\/a>\n<ul class='children'>\n\t<li class=\"page_item page-item-3937 page_item_has_children\"><a href=\"https:\/\/zupavodnjan.com\/en\/churches\/saint-blasius\">Saint Blasius<\/a>\n\t<ul class='children'>\n\t\t<li class=\"page_item page-item-4037\"><a href=\"https:\/\/zupavodnjan.com\/en\/churches\/saint-blasius\/venerio-trevisan\">Venerio Trevisan<\/a><\/li>\n\t\t<li class=\"page_item page-item-4038\"><a href=\"https:\/\/zupavodnjan.com\/en\/churches\/saint-blasius\/stained-glass-of-the-church-of-st-blasius-ring-of-salvation\">Stained glass of the Church of St. Blasius \u2013 Ring of salvation<\/a><\/li>\n\t\t<li class=\"page_item page-item-3949\"><a href=\"https:\/\/zupavodnjan.com\/en\/churches\/saint-blasius\/crypt\">Crypt<\/a><\/li>\n\t<\/ul>\n<\/li>\n\t<li class=\"page_item page-item-4041\"><a href=\"https:\/\/zupavodnjan.com\/en\/churches\/madonna-of-traverse\">Madonna of Traverse<\/a><\/li>\n\t<li class=\"page_item page-item-4039\"><a href=\"https:\/\/zupavodnjan.com\/en\/churches\/our-lady-of-mount-carmel\">Our Lady of Mount Carmel<\/a><\/li>\n\t<li class=\"page_item page-item-3940\"><a href=\"https:\/\/zupavodnjan.com\/en\/churches\/saint-fosca\">Saint Fosca<\/a><\/li>\n\t<li class=\"page_item page-item-4043\"><a href=\"https:\/\/zupavodnjan.com\/en\/churches\/saint-jacob\">Saint Jacob<\/a><\/li>\n\t<li class=\"page_item page-item-4047\"><a href=\"https:\/\/zupavodnjan.com\/en\/churches\/holy-cross\">Holy Cross<\/a><\/li>\n\t<li class=\"page_item page-item-4048\"><a href=\"https:\/\/zupavodnjan.com\/en\/churches\/saint-martin\">Saint Martin<\/a><\/li>\n\t<li class=\"page_item page-item-4049\"><a href=\"https:\/\/zupavodnjan.com\/en\/churches\/saint-roch\">Saint Roch<\/a><\/li>\n\t<li class=\"page_item page-item-4046\"><a href=\"https:\/\/zupavodnjan.com\/en\/churches\/saint-catherine\">Saint Catherine<\/a><\/li>\n\t<li class=\"page_item page-item-4045\"><a href=\"https:\/\/zupavodnjan.com\/en\/churches\/ostale-crkve-vodnjanstine\">Ostale crkve Vodnjan\u0161tine<\/a><\/li>\n<\/ul>\n<\/li>\n<li class=\"page_item page-item-3942\"><a href=\"https:\/\/zupavodnjan.com\/en\/holy-bodies\">Holy Bodies<\/a><\/li>\n<li class=\"page_item page-item-3959 page_item_has_children\"><a href=\"https:\/\/zupavodnjan.com\/en\/museum\">Museum<\/a>\n<ul class='children'>\n\t<li class=\"page_item page-item-3963\"><a href=\"https:\/\/zupavodnjan.com\/en\/museum\/chronology-of-the-collection-formation\">Chronology of the collection formation<\/a><\/li>\n\t<li class=\"page_item page-item-3965\"><a href=\"https:\/\/zupavodnjan.com\/en\/museum\/collection-contents\">Collection contents<\/a><\/li>\n\t<li class=\"page_item page-item-4050\"><a href=\"https:\/\/zupavodnjan.com\/en\/museum\/collection-exhibit\">Collection exhibit<\/a><\/li>\n<\/ul>\n<\/li>\n<li class=\"page_item page-item-3968 page_item_has_children\"><a href=\"https:\/\/zupavodnjan.com\/en\/events-2\">Events<\/a>\n<ul class='children'>\n\t<li class=\"page_item page-item-4051\"><a href=\"https:\/\/zupavodnjan.com\/en\/events-2\/publikacije\">Publikacije<\/a><\/li>\n\t<li class=\"page_item page-item-3970\"><a href=\"https:\/\/zupavodnjan.com\/en\/events-2\/famous-people-in-vodnjan\">Famous people in Vodnjan<\/a><\/li>\n\t<li class=\"page_item page-item-4053\"><a href=\"https:\/\/zupavodnjan.com\/en\/events-2\/iskrice-djecji-festival-duhovne-glazbe\">Iskrice &#8211; dje\u010dji festival duhovne glazbe<\/a><\/li>\n\t<li class=\"page_item page-item-4054\"><a href=\"https:\/\/zupavodnjan.com\/en\/events-2\/poveznice\">Poveznice<\/a><\/li>\n<\/ul>\n<\/li>\n<li class=\"page_item page-item-4055\"><a href=\"https:\/\/zupavodnjan.com\/en\/glossary\">Glossary<\/a><\/li>\n<li class=\"page_item page-item-4018 page_item_has_children\"><a href=\"https:\/\/zupavodnjan.com\/en\/contact\">Contact<\/a>\n<ul class='children'>\n\t<li class=\"page_item page-item-4025\"><a href=\"https:\/\/zupavodnjan.com\/en\/contact\/impressum\">Impressum<\/a><\/li>\n<\/ul>\n<\/li>\n<li class=\"page_item page-item-3927\"><a href=\"https:\/\/zupavodnjan.com\/en\/vodnjan-parish\/history-of-the-parish\">History of the parish<\/a><\/li>\n<li class=\"page_item page-item-4028\"><a href=\"https:\/\/zupavodnjan.com\/en\/vodnjan-parish\/gaetano-gresler\">Gaetano Gresler<\/a><\/li>\n<li class=\"page_item page-item-4034\"><a href=\"https:\/\/zupavodnjan.com\/en\/vodnjan-parish\/don-vinko-peresa\">Don Vinko Pere\u0161a<\/a><\/li>\n<li class=\"page_item page-item-4035\"><a href=\"https:\/\/zupavodnjan.com\/en\/vodnjan-parish\/don-rodolfo-toncetti\">Don Rodolfo Toncetti<\/a><\/li>\n<li class=\"page_item page-item-3930\"><a href=\"https:\/\/zupavodnjan.com\/en\/vodnjan-parish\/donations\">Donations<\/a><\/li>\n<\/ul><\/div>\n\n","protected":false},"excerpt":{"rendered":"<p>[message_box color=&#8221;red&#8221;]Unfortunately, this page is only in Croatian. If you want to help, you can donate funds for translation.[\/message_box] <div id=\"jig3\" class=\"justified-image-grid jig-4bb941d246d9ffafb3b87ee10ce68b58 jig-preset-global\"><div class=\"jig-clearfix\"><\/div><noscript id=\"jig3-html\" class=\"justified-image-grid-html\" data-lazy-src=\"skiplazyload\" data-src=\"skipunveillazyload\"><ul><li><a href=\"https:\/\/zupavodnjan.com\/wp-content\/gallery\/don-rodolfo-toncetich\/don-rodolfo-toncetich-portret.jpg\"><img loading=\"lazy\" decoding=\"async\" src=\"https:\/\/zupavodnjan.com\/wp-content\/gallery\/don-rodolfo-toncetich\/don-rodolfo-toncetich-portret.jpg\" alt=\"\" width=\"719\" height=\"1080\" \/><\/a><\/li><\/ul><\/noscript><\/div> [divider scroll_text=&#8221;&#8221;] \u017dUPNIK U RATU Svjedo\u010danstvo don Rodolfa Toncettia dok je bio vodnjanski \u017eupnik Don Rodolfo Toncetti ro\u0111en je u Puli, u predgra\u0111u Busoler 6. svibnja 1917. Sin je od Giovannija Ton\u010deti\u0107a [&hellip;]<\/p>\n","protected":false},"author":5,"featured_media":0,"parent":3923,"menu_order":11,"comment_status":"open","ping_status":"open","template":"","meta":{"_et_pb_use_builder":"on","_et_pb_old_content":"","_et_gb_content_width":"","ngg_post_thumbnail":0,"footnotes":""},"dipi_cpt_category":[],"class_list":["post-4035","page","type-page","status-publish","hentry"],"_links":{"self":[{"href":"https:\/\/zupavodnjan.com\/en\/wp-json\/wp\/v2\/pages\/4035","targetHints":{"allow":["GET"]}}],"collection":[{"href":"https:\/\/zupavodnjan.com\/en\/wp-json\/wp\/v2\/pages"}],"about":[{"href":"https:\/\/zupavodnjan.com\/en\/wp-json\/wp\/v2\/types\/page"}],"author":[{"embeddable":true,"href":"https:\/\/zupavodnjan.com\/en\/wp-json\/wp\/v2\/users\/5"}],"replies":[{"embeddable":true,"href":"https:\/\/zupavodnjan.com\/en\/wp-json\/wp\/v2\/comments?post=4035"}],"version-history":[{"count":0,"href":"https:\/\/zupavodnjan.com\/en\/wp-json\/wp\/v2\/pages\/4035\/revisions"}],"up":[{"embeddable":true,"href":"https:\/\/zupavodnjan.com\/en\/wp-json\/wp\/v2\/pages\/3923"}],"wp:attachment":[{"href":"https:\/\/zupavodnjan.com\/en\/wp-json\/wp\/v2\/media?parent=4035"}],"wp:term":[{"taxonomy":"dipi_cpt_category","embeddable":true,"href":"https:\/\/zupavodnjan.com\/en\/wp-json\/wp\/v2\/dipi_cpt_category?post=4035"}],"curies":[{"name":"wp","href":"https:\/\/api.w.org\/{rel}","templated":true}]}}