{"id":4037,"date":"2013-01-15T09:23:24","date_gmt":"2013-01-15T08:23:24","guid":{"rendered":"http:\/\/zupavodnjan.com\/churches\/saint-blasius\/venerio-trevisan"},"modified":"2013-08-27T13:42:34","modified_gmt":"2013-08-27T12:42:34","slug":"venerio-trevisan","status":"publish","type":"page","link":"https:\/\/zupavodnjan.com\/en\/churches\/saint-blasius\/venerio-trevisan","title":{"rendered":"Venerio Trevisan"},"content":{"rendered":"<p>[message_box color=&#8221;red&#8221;]Unfortunately, this page is only in Croatian. If you want to help, <strong><a href=\"https:\/\/zupavodnjan.com\/en\/vodnjan-parish\/donations\">you can donate funds<\/a><\/strong> for translation.[\/message_box]<br \/>\n<div id=\"jig1\" class=\"justified-image-grid jig-8722614429f851947bd5135b4042472e jig-preset-global\"><div class=\"jig-clearfix\"><\/div><noscript id=\"jig1-html\" class=\"justified-image-grid-html\" data-lazy-src=\"skiplazyload\" data-src=\"skipunveillazyload\"><ul><li><a href=\"https:\/\/zupavodnjan.com\/wp-content\/gallery\/trevisan\/potpis-vtrevisan.jpg\" title=\"Venerio Trevisan, potpis\"><img loading=\"lazy\" decoding=\"async\" src=\"https:\/\/zupavodnjan.com\/wp-content\/gallery\/trevisan\/potpis-vtrevisan.jpg\" alt=\"Venerio Trevisan, potpis\" width=\"1688\" height=\"480\" \/><\/a><p class=\"jig-HTMLdescription\">Venerio Trevisan, potpis<\/p><\/li><\/ul><\/noscript><\/div><br \/>\nPotje\u010de iz tkala\u010dke obitelji, pa je i sam izu\u010dio zanat tkalca i tapetara. Osnovama slikarstva pou\u010dio ga je veronski slikar Gaetano Grezler, koji se 1818. bio doselio u Vodnjan kako bi oslikao novu \u017eupnu crkvu. Prvi slikarski posao, popravak o\u0161te\u0107ene pale na oltaru sv. Ane u istoimenoj crkvi povjeren mu je 1826. Od tada do 1860-ih izradio je mnogobrojne sakralne slike za razli\u010dite naru\u010ditelje u Istri. Najve\u0107i broj djela nastao je za crkve u Vodnjanu (Sv. Filomena, 1841; \u010detrnaest postaja kri\u017enoga puta, 1842; Predaja klju\u010deva, 1843; Kr\u0161tenje Isusovo; Bezgrje\u0161no za\u010de\u0107e, Presveto Trojstvo), ali su mu djela o\u010duvana i u franjeva\u010dkom samostanu u Pazinu (Posljednja ve\u010dera, 1837. i \u010cetiri crkvena oca), u \u017eupnoj crkvi u Rovinju (Sv. Trojstvo sa svecima) te u crkvama u Mar\u010dani, Krnici, Hrelji\u0107ima i Kanfanaru. Slike su mu \u010desto potpisane i datirane, a u oblikovanju kompozicije slu\u017eio se predlo\u0161cima razli\u010ditih razdoblja i provenijencije. Portreti u \u017eupnoj zbirci u Vodnjanu naslikani su prepoznatljivom, pomalo naivnom stilizacijom forme (Portret kanonika Giovannija Trombe, 1846; Portret don Pasqualea del Caro, 1852). Unato\u010d nespretnostima u skra\u0107enjima i uko\u010denu stavu figura, pomno obra\u0111eni detalji i karakterna izra\u017eajnost portreta povezuju ih sa suvremenim gra\u0111. portretima bidermajerskoga slikarstva. (LIT.: A. Kliman, Venerio Trevisan, Istra, 1990, 2.)<\/p>\n<p><div id=\"jig2\" class=\"justified-image-grid jig-161c566a6d368b4b0933d8cc3422d120 jig-preset-global\"><div class=\"jig-clearfix\"><\/div><noscript id=\"jig2-html\" class=\"justified-image-grid-html\" data-lazy-src=\"skiplazyload\" data-src=\"skipunveillazyload\"><ul><li><a href=\"https:\/\/zupavodnjan.com\/wp-content\/gallery\/trevisan\/venerio-trevisan_autoportret.jpg\" title=\"Venerio Trevisan, autoportret\"><img loading=\"lazy\" decoding=\"async\" src=\"https:\/\/zupavodnjan.com\/wp-content\/gallery\/trevisan\/venerio-trevisan_autoportret.jpg\" alt=\"Venerio Trevisan, autoportret\" width=\"719\" height=\"1080\" \/><\/a><p class=\"jig-HTMLdescription\">Venerio Trevisan, autoportret<\/p><\/li><\/ul><\/noscript><\/div>Venerio Trevisan, autoportret<\/p>\n<p><div id=\"jig3\" class=\"justified-image-grid jig-51362c578e02b6bfc0231b5c765adfd8 jig-preset-global\"><div class=\"jig-clearfix\"><\/div><noscript id=\"jig3-html\" class=\"justified-image-grid-html\" data-lazy-src=\"skiplazyload\" data-src=\"skipunveillazyload\"><ul><li><a href=\"https:\/\/zupavodnjan.com\/wp-content\/gallery\/trevisan\/venerio-trevisan_supruga-i-dijete.jpg\" title=\"Venerio Trevisan, supruga i dijete\"><img loading=\"lazy\" decoding=\"async\" src=\"https:\/\/zupavodnjan.com\/wp-content\/gallery\/trevisan\/venerio-trevisan_supruga-i-dijete.jpg\" alt=\"Venerio Trevisan, supruga i dijete\" width=\"719\" height=\"1080\" \/><\/a><p class=\"jig-HTMLdescription\">Venerio Trevisan, supruga i dijete<\/p><\/li><\/ul><\/noscript><\/div>Venerio Trevisan, supruga i dijete<\/p>\n<p><div id=\"jig4\" class=\"justified-image-grid jig-20dd39b696cdf82da8a2cd2fc44778ad jig-preset-global\"><div class=\"jig-clearfix\"><\/div><noscript id=\"jig4-html\" class=\"justified-image-grid-html\" data-lazy-src=\"skiplazyload\" data-src=\"skipunveillazyload\"><ul><li><a href=\"https:\/\/zupavodnjan.com\/wp-content\/gallery\/trevisan\/portret-don-pasquale-del-caro.jpg\" title=\"Venerio Trevisan, Don Pasquale del Caro\"><img loading=\"lazy\" decoding=\"async\" src=\"https:\/\/zupavodnjan.com\/wp-content\/gallery\/trevisan\/portret-don-pasquale-del-caro.jpg\" alt=\"Venerio Trevisan, Don Pasquale del Caro\" width=\"790\" height=\"1080\" \/><\/a><p class=\"jig-HTMLdescription\">Venerio Trevisan, Don Pasquale del Caro<\/p><\/li><\/ul><\/noscript><\/div>Venerio Trevisan, Don Pasquale del Caro<\/p>\n<p><div id=\"jig5\" class=\"justified-image-grid jig-3c1f37c34e81566b38cf3737dc95ce09 jig-preset-global\"><div class=\"jig-clearfix\"><\/div><noscript id=\"jig5-html\" class=\"justified-image-grid-html\" data-lazy-src=\"skiplazyload\" data-src=\"skipunveillazyload\"><ul><li><a href=\"https:\/\/zupavodnjan.com\/wp-content\/gallery\/trevisan\/portret-giovannia-trombe.jpg\" title=\"Venerio Trevisan, Giovanni Tromba\"><img loading=\"lazy\" decoding=\"async\" src=\"https:\/\/zupavodnjan.com\/wp-content\/gallery\/trevisan\/portret-giovannia-trombe.jpg\" alt=\"Venerio Trevisan, Giovanni Tromba\" width=\"921\" height=\"1080\" \/><\/a><p class=\"jig-HTMLdescription\">Venerio Trevisan, Giovanni Tromba<\/p><\/li><\/ul><\/noscript><\/div>Venerio Trevisan, Giovanni Tromba<\/p>\n<h2>KRI\u017dNI PUT, \u017dupna crkva sv. Bla\u017ea Vodnjan \u2013 Venerio Trevisan, 1846.<\/h2>\n<p><div id=\"jig6\" class=\"justified-image-grid jig-5b73734f8c4785cab1ef024dddf346ec jig-preset-global\"><div class=\"jig-clearfix\"><\/div><noscript id=\"jig6-html\" class=\"justified-image-grid-html\" data-lazy-src=\"skiplazyload\" data-src=\"skipunveillazyload\"><ul><li><a href=\"https:\/\/zupavodnjan.com\/wp-content\/gallery\/trevisan\/krizniput_001.jpg\" title=\"Venerio Trevisan, Kri\u017eni put, Prva postaja - Isusa osu\u0111uju na smrt\"><img loading=\"lazy\" decoding=\"async\" src=\"https:\/\/zupavodnjan.com\/wp-content\/gallery\/trevisan\/krizniput_001.jpg\" alt=\"Venerio Trevisan, Kri\u017eni put, Prva postaja - Isusa osu\u0111uju na smrt\" width=\"844\" height=\"1080\" \/><\/a><p class=\"jig-HTMLdescription\">Venerio Trevisan, Kri\u017eni put, Prva postaja - Isusa osu\u0111uju na smrt<\/p><\/li><\/ul><\/noscript><\/div>Prva postaja &#8211; Isusa osu\u0111uju na smrt<\/p>\n<p><div id=\"jig7\" class=\"justified-image-grid jig-6a15458f2914f9fd96fcdd05f596fab1 jig-preset-global\"><div class=\"jig-clearfix\"><\/div><noscript id=\"jig7-html\" class=\"justified-image-grid-html\" data-lazy-src=\"skiplazyload\" data-src=\"skipunveillazyload\"><ul><li><a href=\"https:\/\/zupavodnjan.com\/wp-content\/gallery\/trevisan\/krizniput_002.jpg\" title=\"Venerio Trevisan, Kri\u017eni put, Druga postaja - Isus prima na se kri\u017e\"><img loading=\"lazy\" decoding=\"async\" src=\"https:\/\/zupavodnjan.com\/wp-content\/gallery\/trevisan\/krizniput_002.jpg\" alt=\"Venerio Trevisan, Kri\u017eni put, Druga postaja - Isus prima na se kri\u017e\" width=\"837\" height=\"1080\" \/><\/a><p class=\"jig-HTMLdescription\">Venerio Trevisan, Kri\u017eni put, Druga postaja - Isus prima na se kri\u017e<\/p><\/li><\/ul><\/noscript><\/div>Druga postaja &#8211; Isus prima na se kri\u017e<\/p>\n<p><div id=\"jig8\" class=\"justified-image-grid jig-79aaace9111a830b6312bf4d7fa4c5cc jig-preset-global\"><div class=\"jig-clearfix\"><\/div><noscript id=\"jig8-html\" class=\"justified-image-grid-html\" data-lazy-src=\"skiplazyload\" data-src=\"skipunveillazyload\"><ul><li><a href=\"https:\/\/zupavodnjan.com\/wp-content\/gallery\/trevisan\/krizniput_003.jpg\" title=\"Venerio Trevisan, Kri\u017eni put, Tre\u0107a postaja - Isus pada prvi put pod kri\u017eem\"><img loading=\"lazy\" decoding=\"async\" src=\"https:\/\/zupavodnjan.com\/wp-content\/gallery\/trevisan\/krizniput_003.jpg\" alt=\"Venerio Trevisan, Kri\u017eni put, Tre\u0107a postaja - Isus pada prvi put pod kri\u017eem\" width=\"834\" height=\"1080\" \/><\/a><p class=\"jig-HTMLdescription\">Venerio Trevisan, Kri\u017eni put, Tre\u0107a postaja - Isus pada prvi put pod kri\u017eem<\/p><\/li><\/ul><\/noscript><\/div>Tre\u0107a postaja &#8211; Isus pada prvi put pod kri\u017eem<\/p>\n<p><div id=\"jig9\" class=\"justified-image-grid jig-b35f012305007efe3d089165dc2920b5 jig-preset-global\"><div class=\"jig-clearfix\"><\/div><noscript id=\"jig9-html\" class=\"justified-image-grid-html\" data-lazy-src=\"skiplazyload\" data-src=\"skipunveillazyload\"><ul><li><a href=\"https:\/\/zupavodnjan.com\/wp-content\/gallery\/trevisan\/krizniput_004.jpg\" title=\"Venerio Trevisan, Kri\u017eni put, \u010cetvrta postaja - Isus susre\u0107e svoju majku\"><img loading=\"lazy\" decoding=\"async\" src=\"https:\/\/zupavodnjan.com\/wp-content\/gallery\/trevisan\/krizniput_004.jpg\" alt=\"Venerio Trevisan, Kri\u017eni put, \u010cetvrta postaja - Isus susre\u0107e svoju majku\" width=\"843\" height=\"1080\" \/><\/a><p class=\"jig-HTMLdescription\">Venerio Trevisan, Kri\u017eni put, \u010cetvrta postaja - Isus susre\u0107e svoju majku<\/p><\/li><\/ul><\/noscript><\/div>\u010cetvrta postaja &#8211; Isus susre\u0107e svoju majku<\/p>\n<p><div id=\"jig10\" class=\"justified-image-grid jig-3b08973a6c2908402663d153e5c1da6e jig-preset-global\"><div class=\"jig-clearfix\"><\/div><noscript id=\"jig10-html\" class=\"justified-image-grid-html\" data-lazy-src=\"skiplazyload\" data-src=\"skipunveillazyload\"><ul><li><a href=\"https:\/\/zupavodnjan.com\/wp-content\/gallery\/trevisan\/krizniput_005.jpg\" title=\"Venerio Trevisan, Kri\u017eni put, Peta postaja - Simon Cirenac poma\u017ee Isusu nositi kri\u017e\"><img loading=\"lazy\" decoding=\"async\" src=\"https:\/\/zupavodnjan.com\/wp-content\/gallery\/trevisan\/krizniput_005.jpg\" alt=\"Venerio Trevisan, Kri\u017eni put, Peta postaja - Simon Cirenac poma\u017ee Isusu nositi kri\u017e\" width=\"833\" height=\"1080\" \/><\/a><p class=\"jig-HTMLdescription\">Venerio Trevisan, Kri\u017eni put, Peta postaja - Simon Cirenac poma\u017ee Isusu nositi kri\u017e<\/p><\/li><\/ul><\/noscript><\/div>Peta postaja &#8211; Simon Cirenac poma\u017ee Isusu nositi kri\u017e<\/p>\n<p><div id=\"jig11\" class=\"justified-image-grid jig-3f72145a75a0e2a38e59a1ee4e72108f jig-preset-global\"><div class=\"jig-clearfix\"><\/div><noscript id=\"jig11-html\" class=\"justified-image-grid-html\" data-lazy-src=\"skiplazyload\" data-src=\"skipunveillazyload\"><ul><li><a href=\"https:\/\/zupavodnjan.com\/wp-content\/gallery\/trevisan\/krizniput_006.jpg\" title=\"Venerio Trevisan, Kri\u017eni put, \u0160esta postaja - Veronika pru\u017ea Isusu rubac\"><img loading=\"lazy\" decoding=\"async\" src=\"https:\/\/zupavodnjan.com\/wp-content\/gallery\/trevisan\/krizniput_006.jpg\" alt=\"Venerio Trevisan, Kri\u017eni put, \u0160esta postaja - Veronika pru\u017ea Isusu rubac\" width=\"826\" height=\"1080\" \/><\/a><p class=\"jig-HTMLdescription\">Venerio Trevisan, Kri\u017eni put, \u0160esta postaja - Veronika pru\u017ea Isusu rubac<\/p><\/li><\/ul><\/noscript><\/div>\u0160esta postaja &#8211; Veronika pru\u017ea Isusu rubac<\/p>\n<p><div id=\"jig12\" class=\"justified-image-grid jig-7bcc7d2e123ee7ff102ecebdb1d80f55 jig-preset-global\"><div class=\"jig-clearfix\"><\/div><noscript id=\"jig12-html\" class=\"justified-image-grid-html\" data-lazy-src=\"skiplazyload\" data-src=\"skipunveillazyload\"><ul><li><a href=\"https:\/\/zupavodnjan.com\/wp-content\/gallery\/trevisan\/krizniput_007.jpg\" title=\"Venerio Trevisan, Kri\u017eni put, Sedma postaja - Isus pada drugi put pod kri\u017eem\"><img loading=\"lazy\" decoding=\"async\" src=\"https:\/\/zupavodnjan.com\/wp-content\/gallery\/trevisan\/krizniput_007.jpg\" alt=\"Venerio Trevisan, Kri\u017eni put, Sedma postaja - Isus pada drugi put pod kri\u017eem\" width=\"861\" height=\"1080\" \/><\/a><p class=\"jig-HTMLdescription\">Venerio Trevisan, Kri\u017eni put, Sedma postaja - Isus pada drugi put pod kri\u017eem<\/p><\/li><\/ul><\/noscript><\/div>Sedma postaja &#8211; Isus pada drugi put pod kri\u017eem<\/p>\n<p><div id=\"jig13\" class=\"justified-image-grid jig-f26de66a8e58712060290de804f5065b jig-preset-global\"><div class=\"jig-clearfix\"><\/div><noscript id=\"jig13-html\" class=\"justified-image-grid-html\" data-lazy-src=\"skiplazyload\" data-src=\"skipunveillazyload\"><ul><li><a href=\"https:\/\/zupavodnjan.com\/wp-content\/gallery\/trevisan\/krizniput_008.jpg\" title=\"Venerio Trevisan, Kri\u017eni put, Osma postaja - Isus tje\u0161i jeruzalemske \u017eene\"><img loading=\"lazy\" decoding=\"async\" src=\"https:\/\/zupavodnjan.com\/wp-content\/gallery\/trevisan\/krizniput_008.jpg\" alt=\"Venerio Trevisan, Kri\u017eni put, Osma postaja - Isus tje\u0161i jeruzalemske \u017eene\" width=\"837\" height=\"1080\" \/><\/a><p class=\"jig-HTMLdescription\">Venerio Trevisan, Kri\u017eni put, Osma postaja - Isus tje\u0161i jeruzalemske \u017eene<\/p><\/li><\/ul><\/noscript><\/div>Osma postaja &#8211; Isus tje\u0161i jeruzalemske \u017eene<\/p>\n<p><div id=\"jig14\" class=\"justified-image-grid jig-4590b360d4d01e43588453840caa6d7f jig-preset-global\"><div class=\"jig-clearfix\"><\/div><noscript id=\"jig14-html\" class=\"justified-image-grid-html\" data-lazy-src=\"skiplazyload\" data-src=\"skipunveillazyload\"><ul><li><a href=\"https:\/\/zupavodnjan.com\/wp-content\/gallery\/trevisan\/krizniput_009.jpg\" title=\"Venerio Trevisan, Kri\u017eni put, Deveta postaja - Isus pada tre\u0107i put pod kri\u017eem\"><img loading=\"lazy\" decoding=\"async\" src=\"https:\/\/zupavodnjan.com\/wp-content\/gallery\/trevisan\/krizniput_009.jpg\" alt=\"Venerio Trevisan, Kri\u017eni put, Deveta postaja - Isus pada tre\u0107i put pod kri\u017eem\" width=\"831\" height=\"1080\" \/><\/a><p class=\"jig-HTMLdescription\">Venerio Trevisan, Kri\u017eni put, Deveta postaja - Isus pada tre\u0107i put pod kri\u017eem<\/p><\/li><\/ul><\/noscript><\/div>Deveta postaja &#8211; Isus pada tre\u0107i put pod kri\u017eem<\/p>\n<p><div id=\"jig15\" class=\"justified-image-grid jig-ce2f1be6577cb4c9ad2226591e7d9771 jig-preset-global\"><div class=\"jig-clearfix\"><\/div><noscript id=\"jig15-html\" class=\"justified-image-grid-html\" data-lazy-src=\"skiplazyload\" data-src=\"skipunveillazyload\"><ul><li><a href=\"https:\/\/zupavodnjan.com\/wp-content\/gallery\/trevisan\/krizniput_010.jpg\" title=\"Venerio Trevisan, Kri\u017eni put, Deseta postaja - Isusa svla\u010de\"><img loading=\"lazy\" decoding=\"async\" src=\"https:\/\/zupavodnjan.com\/wp-content\/gallery\/trevisan\/krizniput_010.jpg\" alt=\"Venerio Trevisan, Kri\u017eni put, Deseta postaja - Isusa svla\u010de\" width=\"837\" height=\"1080\" \/><\/a><p class=\"jig-HTMLdescription\">Venerio Trevisan, Kri\u017eni put, Deseta postaja - Isusa svla\u010de<\/p><\/li><\/ul><\/noscript><\/div>Deseta postaja &#8211; Isusa svla\u010de<\/p>\n<p><div id=\"jig16\" class=\"justified-image-grid jig-f06fe1876639ef6a8b6e514f400a0358 jig-preset-global\"><div class=\"jig-clearfix\"><\/div><noscript id=\"jig16-html\" class=\"justified-image-grid-html\" data-lazy-src=\"skiplazyload\" data-src=\"skipunveillazyload\"><ul><li><a href=\"https:\/\/zupavodnjan.com\/wp-content\/gallery\/trevisan\/krizniput_011.jpg\" title=\"Venerio Trevisan, Kri\u017eni put, Jedanaesta postaja - Isusa pribijaju na kri\u017e\"><img loading=\"lazy\" decoding=\"async\" src=\"https:\/\/zupavodnjan.com\/wp-content\/gallery\/trevisan\/krizniput_011.jpg\" alt=\"Venerio Trevisan, Kri\u017eni put, Jedanaesta postaja - Isusa pribijaju na kri\u017e\" width=\"850\" height=\"1080\" \/><\/a><p class=\"jig-HTMLdescription\">Venerio Trevisan, Kri\u017eni put, Jedanaesta postaja - Isusa pribijaju na kri\u017e<\/p><\/li><\/ul><\/noscript><\/div>Jedanaesta postaja &#8211; Isusa pribijaju na kri\u017e<\/p>\n<p><div id=\"jig17\" class=\"justified-image-grid jig-d0a9773f4a56e9ade70457425c5e79e1 jig-preset-global\"><div class=\"jig-clearfix\"><\/div><noscript id=\"jig17-html\" class=\"justified-image-grid-html\" data-lazy-src=\"skiplazyload\" data-src=\"skipunveillazyload\"><ul><li><a href=\"https:\/\/zupavodnjan.com\/wp-content\/gallery\/trevisan\/krizniput_012.jpg\" title=\"Venerio Trevisan, Kri\u017eni put, Dvanaesta postaja - Isus umire na kri\u017eu\"><img loading=\"lazy\" decoding=\"async\" src=\"https:\/\/zupavodnjan.com\/wp-content\/gallery\/trevisan\/krizniput_012.jpg\" alt=\"Venerio Trevisan, Kri\u017eni put, Dvanaesta postaja - Isus umire na kri\u017eu\" width=\"843\" height=\"1080\" \/><\/a><p class=\"jig-HTMLdescription\">Venerio Trevisan, Kri\u017eni put, Dvanaesta postaja - Isus umire na kri\u017eu<\/p><\/li><\/ul><\/noscript><\/div>Dvanaesta postaja &#8211; Isus umire na kri\u017eu<\/p>\n<p><div id=\"jig18\" class=\"justified-image-grid jig-77433ee7defbb5b2e6b2c876866ed9b9 jig-preset-global\"><div class=\"jig-clearfix\"><\/div><noscript id=\"jig18-html\" class=\"justified-image-grid-html\" data-lazy-src=\"skiplazyload\" data-src=\"skipunveillazyload\"><ul><li><a href=\"https:\/\/zupavodnjan.com\/wp-content\/gallery\/trevisan\/krizniput_013.jpg\" title=\"Venerio Trevisan, Kri\u017eni put, Trinaesta postaja - Isusa skidaju s kri\u017ea\"><img loading=\"lazy\" decoding=\"async\" src=\"https:\/\/zupavodnjan.com\/wp-content\/gallery\/trevisan\/krizniput_013.jpg\" alt=\"Venerio Trevisan, Kri\u017eni put, Trinaesta postaja - Isusa skidaju s kri\u017ea\" width=\"848\" height=\"1080\" \/><\/a><p class=\"jig-HTMLdescription\">Venerio Trevisan, Kri\u017eni put, Trinaesta postaja - Isusa skidaju s kri\u017ea<\/p><\/li><\/ul><\/noscript><\/div>Trinaesta postaja &#8211; Isusa skidaju s kri\u017ea<\/p>\n<p><div id=\"jig19\" class=\"justified-image-grid jig-2cea953887b7fa270dfe88f717238e60 jig-preset-global\"><div class=\"jig-clearfix\"><\/div><noscript id=\"jig19-html\" class=\"justified-image-grid-html\" data-lazy-src=\"skiplazyload\" data-src=\"skipunveillazyload\"><ul><li><a href=\"https:\/\/zupavodnjan.com\/wp-content\/gallery\/trevisan\/krizniput_014.jpg\" title=\"Venerio Trevisan, Kri\u017eni put, \u010cetrnaesta postaja - Isusa pola\u017eu u grob\"><img loading=\"lazy\" decoding=\"async\" src=\"https:\/\/zupavodnjan.com\/wp-content\/gallery\/trevisan\/krizniput_014.jpg\" alt=\"Venerio Trevisan, Kri\u017eni put, \u010cetrnaesta postaja - Isusa pola\u017eu u grob\" width=\"824\" height=\"1080\" \/><\/a><p class=\"jig-HTMLdescription\">Venerio Trevisan, Kri\u017eni put, \u010cetrnaesta postaja - Isusa pola\u017eu u grob<\/p><\/li><\/ul><\/noscript><\/div>\u010cetrnaesta postaja &#8211; Isusa pola\u017eu u grob<\/p>\n","protected":false},"excerpt":{"rendered":"<p>[message_box color=&#8221;red&#8221;]Unfortunately, this page is only in Croatian. If you want to help, you can donate funds for translation.[\/message_box] <div id=\"jig20\" class=\"justified-image-grid jig-8722614429f851947bd5135b4042472e jig-preset-global\"><div class=\"jig-clearfix\"><\/div><noscript id=\"jig20-html\" class=\"justified-image-grid-html\" data-lazy-src=\"skiplazyload\" data-src=\"skipunveillazyload\"><ul><li><a href=\"https:\/\/zupavodnjan.com\/wp-content\/gallery\/trevisan\/potpis-vtrevisan.jpg\" title=\"Venerio Trevisan, potpis\"><img loading=\"lazy\" decoding=\"async\" src=\"https:\/\/zupavodnjan.com\/wp-content\/gallery\/trevisan\/potpis-vtrevisan.jpg\" alt=\"Venerio Trevisan, potpis\" width=\"1688\" height=\"480\" \/><\/a><p class=\"jig-HTMLdescription\">Venerio Trevisan, potpis<\/p><\/li><\/ul><\/noscript><\/div> Potje\u010de iz tkala\u010dke obitelji, pa je i sam izu\u010dio zanat tkalca i tapetara. Osnovama slikarstva pou\u010dio ga je veronski slikar Gaetano Grezler, koji se 1818. bio doselio u Vodnjan kako bi oslikao [&hellip;]<\/p>\n","protected":false},"author":5,"featured_media":0,"parent":3937,"menu_order":3,"comment_status":"open","ping_status":"open","template":"","meta":{"_et_pb_use_builder":"on","_et_pb_old_content":"","_et_gb_content_width":"","ngg_post_thumbnail":0,"footnotes":""},"dipi_cpt_category":[],"class_list":["post-4037","page","type-page","status-publish","hentry"],"_links":{"self":[{"href":"https:\/\/zupavodnjan.com\/en\/wp-json\/wp\/v2\/pages\/4037","targetHints":{"allow":["GET"]}}],"collection":[{"href":"https:\/\/zupavodnjan.com\/en\/wp-json\/wp\/v2\/pages"}],"about":[{"href":"https:\/\/zupavodnjan.com\/en\/wp-json\/wp\/v2\/types\/page"}],"author":[{"embeddable":true,"href":"https:\/\/zupavodnjan.com\/en\/wp-json\/wp\/v2\/users\/5"}],"replies":[{"embeddable":true,"href":"https:\/\/zupavodnjan.com\/en\/wp-json\/wp\/v2\/comments?post=4037"}],"version-history":[{"count":0,"href":"https:\/\/zupavodnjan.com\/en\/wp-json\/wp\/v2\/pages\/4037\/revisions"}],"up":[{"embeddable":true,"href":"https:\/\/zupavodnjan.com\/en\/wp-json\/wp\/v2\/pages\/3937"}],"wp:attachment":[{"href":"https:\/\/zupavodnjan.com\/en\/wp-json\/wp\/v2\/media?parent=4037"}],"wp:term":[{"taxonomy":"dipi_cpt_category","embeddable":true,"href":"https:\/\/zupavodnjan.com\/en\/wp-json\/wp\/v2\/dipi_cpt_category?post=4037"}],"curies":[{"name":"wp","href":"https:\/\/api.w.org\/{rel}","templated":true}]}}