{"id":4039,"date":"2013-01-03T08:21:38","date_gmt":"2013-01-03T07:21:38","guid":{"rendered":"http:\/\/zupavodnjan.com\/churches\/karmelska-gospa"},"modified":"2013-08-27T13:09:41","modified_gmt":"2013-08-27T12:09:41","slug":"our-lady-of-mount-carmel","status":"publish","type":"page","link":"https:\/\/zupavodnjan.com\/en\/churches\/our-lady-of-mount-carmel","title":{"rendered":"Our Lady of Mount Carmel"},"content":{"rendered":"<p>[message_box color=&#8221;red&#8221;]Unfortunately, this page is only in Croatian. If you want to help, <strong><a href=\"https:\/\/zupavodnjan.com\/en\/vodnjan-parish\/donations\">you can donate funds<\/a><\/strong> for translation.[\/message_box]<br \/>\n<div id=\"jig1\" class=\"justified-image-grid jig-e240b012a07a30f112246e8aa69b0c50 jig-preset-global\"><div class=\"jig-clearfix\"><\/div><noscript id=\"jig1-html\" class=\"justified-image-grid-html\" data-lazy-src=\"skiplazyload\" data-src=\"skipunveillazyload\"><ul><li><a href=\"https:\/\/zupavodnjan.com\/wp-content\/gallery\/gospe-kamelske\/img_6125.jpg\" title=\"img_6125\"><img loading=\"lazy\" decoding=\"async\" src=\"https:\/\/zupavodnjan.com\/wp-content\/gallery\/gospe-kamelske\/img_6125.jpg\" alt=\"img_6125\" width=\"1040\" height=\"780\" \/><\/a><p class=\"jig-HTMLdescription\">img_6125<\/p><\/li><\/ul><\/noscript><\/div><br \/>\n[divider scroll_text=&#8221;&#8221;]<\/p>\n<h2><strong>Karmelska Gospa<\/strong><\/h2>\n<p>Na prvoj tre\u0107ini du\u017eine Trgova\u010dke ulice nalazimo gradsku crkvu Gospe Karmelske iz 17. st. za koju se navodi da je izgra\u0111ena na mjestu mnogo starije crkve Sv. Sebastijana. U glavnom oltaru crkve \u010duvaju se relikvije sv. Sebastijana, u \u017eupnoj crkvi neraspadnuti torzo. Ima oblik pravilnog latinskog kri\u017ea. Iznimno je akusti\u010dna. Crkva je slu\u017eila kao Oratorij. Ovamo su dolazili glasoviti propovjednici i predava\u010di. Ovdje je posebno znamenit retabl iz 1651. s likovima sv. Antuna i sv. Sebastijana, te prizor Uznesenja Marijina u nebesku slavu, vjerojatno iz XIV \/ XV. st.<\/p>\n<div id=\"jig2\" class=\"justified-image-grid jig-d1db467ea6b1a80533a43378e11b9437 jig-preset-global\"><div class=\"jig-clearfix\"><\/div><noscript id=\"jig2-html\" class=\"justified-image-grid-html\" data-lazy-src=\"skiplazyload\" data-src=\"skipunveillazyload\"><ul><li><a href=\"https:\/\/zupavodnjan.com\/wp-content\/gallery\/gospe-kamelske\/dscn0011.jpg\" title=\"dscn0011\"><img loading=\"lazy\" decoding=\"async\" src=\"https:\/\/zupavodnjan.com\/wp-content\/gallery\/gospe-kamelske\/dscn0011.jpg\" alt=\"dscn0011\" width=\"306\" height=\"230\" \/><\/a><p class=\"jig-HTMLdescription\">dscn0011<\/p><\/li><li><a href=\"https:\/\/zupavodnjan.com\/wp-content\/gallery\/gospe-kamelske\/stjepan-hauser-solo-koncert_crkva-karmelske-gospe.jpg\"><img loading=\"lazy\" decoding=\"async\" src=\"https:\/\/zupavodnjan.com\/wp-content\/gallery\/gospe-kamelske\/stjepan-hauser-solo-koncert_crkva-karmelske-gospe.jpg\" alt=\"\" width=\"153\" height=\"230\" \/><\/a><\/li><li><a href=\"https:\/\/zupavodnjan.com\/wp-content\/gallery\/gospe-kamelske\/ostaci-sv-sebastiana-u-glavnom-oltaru-karmelske-gospe.jpg\"><img loading=\"lazy\" decoding=\"async\" src=\"https:\/\/zupavodnjan.com\/wp-content\/gallery\/gospe-kamelske\/ostaci-sv-sebastiana-u-glavnom-oltaru-karmelske-gospe.jpg\" alt=\"\" width=\"346\" height=\"230\" \/><\/a><\/li><li><a href=\"https:\/\/zupavodnjan.com\/wp-content\/gallery\/gospe-kamelske\/bocni-oltar-s-relikvijama-crkve-karmelske-gospe.jpg\"><img loading=\"lazy\" decoding=\"async\" src=\"https:\/\/zupavodnjan.com\/wp-content\/gallery\/gospe-kamelske\/bocni-oltar-s-relikvijama-crkve-karmelske-gospe.jpg\" alt=\"\" width=\"153\" height=\"230\" \/><\/a><\/li><li><a href=\"https:\/\/zupavodnjan.com\/wp-content\/gallery\/gospe-kamelske\/oltarna-pala-crkve-karmelske-gospe.jpg\"><img loading=\"lazy\" decoding=\"async\" src=\"https:\/\/zupavodnjan.com\/wp-content\/gallery\/gospe-kamelske\/oltarna-pala-crkve-karmelske-gospe.jpg\" alt=\"\" width=\"153\" height=\"230\" \/><\/a><\/li><li><a href=\"https:\/\/zupavodnjan.com\/wp-content\/gallery\/gospe-kamelske\/grobniica-don-antonia-manzina-u-crkva-karmelske-gospe.jpg\"><img loading=\"lazy\" decoding=\"async\" src=\"https:\/\/zupavodnjan.com\/wp-content\/gallery\/gospe-kamelske\/grobniica-don-antonia-manzina-u-crkva-karmelske-gospe.jpg\" alt=\"\" width=\"346\" height=\"230\" \/><\/a><\/li><li><a href=\"https:\/\/zupavodnjan.com\/wp-content\/gallery\/gospe-kamelske\/oratorij-za-msg-del-tona_crkva-karmelske-gospe.jpg\"><img loading=\"lazy\" decoding=\"async\" src=\"https:\/\/zupavodnjan.com\/wp-content\/gallery\/gospe-kamelske\/oratorij-za-msg-del-tona_crkva-karmelske-gospe.jpg\" alt=\"\" width=\"345\" height=\"230\" \/><\/a><\/li><li><a href=\"https:\/\/zupavodnjan.com\/wp-content\/gallery\/gospe-kamelske\/crkva-karmelske-gospe_procelje.jpg\"><img loading=\"lazy\" decoding=\"async\" src=\"https:\/\/zupavodnjan.com\/wp-content\/gallery\/gospe-kamelske\/crkva-karmelske-gospe_procelje.jpg\" alt=\"\" width=\"172\" height=\"230\" \/><\/a><\/li><li><a href=\"https:\/\/zupavodnjan.com\/wp-content\/gallery\/gospe-kamelske\/crkva-karmelske-gospe.jpg\"><img loading=\"lazy\" decoding=\"async\" src=\"https:\/\/zupavodnjan.com\/wp-content\/gallery\/gospe-kamelske\/crkva-karmelske-gospe.jpg\" alt=\"\" width=\"172\" height=\"230\" \/><\/a><\/li><li><a href=\"https:\/\/zupavodnjan.com\/wp-content\/gallery\/gospe-kamelske\/crkva-karmelske-gospe_grb-obitelji-barbaro.jpg\"><img loading=\"lazy\" decoding=\"async\" src=\"https:\/\/zupavodnjan.com\/wp-content\/gallery\/gospe-kamelske\/crkva-karmelske-gospe_grb-obitelji-barbaro.jpg\" alt=\"\" width=\"345\" height=\"230\" \/><\/a><\/li><li><a href=\"https:\/\/zupavodnjan.com\/wp-content\/gallery\/gospe-kamelske\/img_6090.jpg\" title=\"img_6090\"><img loading=\"lazy\" decoding=\"async\" src=\"https:\/\/zupavodnjan.com\/wp-content\/gallery\/gospe-kamelske\/img_6090.jpg\" alt=\"img_6090\" width=\"172\" height=\"230\" \/><\/a><p class=\"jig-HTMLdescription\">img_6090<\/p><\/li><li><a href=\"https:\/\/zupavodnjan.com\/wp-content\/gallery\/gospe-kamelske\/img_6125.jpg\" title=\"img_6125\"><img loading=\"lazy\" decoding=\"async\" src=\"https:\/\/zupavodnjan.com\/wp-content\/gallery\/gospe-kamelske\/img_6125.jpg\" alt=\"img_6125\" width=\"306\" height=\"230\" \/><\/a><p class=\"jig-HTMLdescription\">img_6125<\/p><\/li><\/ul><\/noscript><\/div>\n<p>[divider scroll_text=&#8221;&#8221;]<\/p>\n<div class=\"menu\"><ul>\n<li ><a href=\"https:\/\/zupavodnjan.com\/en\">Home<\/a><\/li><li class=\"page_item page-item-3984\"><a href=\"https:\/\/zupavodnjan.com\/en\/main\">main<\/a><\/li>\n<li class=\"page_item page-item-3935 page_item_has_children\"><a href=\"https:\/\/zupavodnjan.com\/en\/churches\">Churches<\/a>\n<ul class='children'>\n\t<li class=\"page_item page-item-3937 page_item_has_children\"><a href=\"https:\/\/zupavodnjan.com\/en\/churches\/saint-blasius\">Saint Blasius<\/a>\n\t<ul class='children'>\n\t\t<li class=\"page_item page-item-4037\"><a href=\"https:\/\/zupavodnjan.com\/en\/churches\/saint-blasius\/venerio-trevisan\">Venerio Trevisan<\/a><\/li>\n\t\t<li class=\"page_item page-item-4038\"><a href=\"https:\/\/zupavodnjan.com\/en\/churches\/saint-blasius\/stained-glass-of-the-church-of-st-blasius-ring-of-salvation\">Stained glass of the Church of St. Blasius \u2013 Ring of salvation<\/a><\/li>\n\t\t<li class=\"page_item page-item-3949\"><a href=\"https:\/\/zupavodnjan.com\/en\/churches\/saint-blasius\/crypt\">Crypt<\/a><\/li>\n\t<\/ul>\n<\/li>\n\t<li class=\"page_item page-item-4041\"><a href=\"https:\/\/zupavodnjan.com\/en\/churches\/madonna-of-traverse\">Madonna of Traverse<\/a><\/li>\n\t<li class=\"page_item page-item-4039\"><a href=\"https:\/\/zupavodnjan.com\/en\/churches\/our-lady-of-mount-carmel\">Our Lady of Mount Carmel<\/a><\/li>\n\t<li class=\"page_item page-item-3940\"><a href=\"https:\/\/zupavodnjan.com\/en\/churches\/saint-fosca\">Saint Fosca<\/a><\/li>\n\t<li class=\"page_item page-item-4043\"><a href=\"https:\/\/zupavodnjan.com\/en\/churches\/saint-jacob\">Saint Jacob<\/a><\/li>\n\t<li class=\"page_item page-item-4047\"><a href=\"https:\/\/zupavodnjan.com\/en\/churches\/holy-cross\">Holy Cross<\/a><\/li>\n\t<li class=\"page_item page-item-4048\"><a href=\"https:\/\/zupavodnjan.com\/en\/churches\/saint-martin\">Saint Martin<\/a><\/li>\n\t<li class=\"page_item page-item-4049\"><a href=\"https:\/\/zupavodnjan.com\/en\/churches\/saint-roch\">Saint Roch<\/a><\/li>\n\t<li class=\"page_item page-item-4046\"><a href=\"https:\/\/zupavodnjan.com\/en\/churches\/saint-catherine\">Saint Catherine<\/a><\/li>\n\t<li class=\"page_item page-item-4045\"><a href=\"https:\/\/zupavodnjan.com\/en\/churches\/ostale-crkve-vodnjanstine\">Ostale crkve Vodnjan\u0161tine<\/a><\/li>\n<\/ul>\n<\/li>\n<li class=\"page_item page-item-3942\"><a href=\"https:\/\/zupavodnjan.com\/en\/holy-bodies\">Holy Bodies<\/a><\/li>\n<li class=\"page_item page-item-3959 page_item_has_children\"><a href=\"https:\/\/zupavodnjan.com\/en\/museum\">Museum<\/a>\n<ul class='children'>\n\t<li class=\"page_item page-item-3963\"><a href=\"https:\/\/zupavodnjan.com\/en\/museum\/chronology-of-the-collection-formation\">Chronology of the collection formation<\/a><\/li>\n\t<li class=\"page_item page-item-3965\"><a href=\"https:\/\/zupavodnjan.com\/en\/museum\/collection-contents\">Collection contents<\/a><\/li>\n\t<li class=\"page_item page-item-4050\"><a href=\"https:\/\/zupavodnjan.com\/en\/museum\/collection-exhibit\">Collection exhibit<\/a><\/li>\n<\/ul>\n<\/li>\n<li class=\"page_item page-item-3968 page_item_has_children\"><a href=\"https:\/\/zupavodnjan.com\/en\/events-2\">Events<\/a>\n<ul class='children'>\n\t<li class=\"page_item page-item-4051\"><a href=\"https:\/\/zupavodnjan.com\/en\/events-2\/publikacije\">Publikacije<\/a><\/li>\n\t<li class=\"page_item page-item-3970\"><a href=\"https:\/\/zupavodnjan.com\/en\/events-2\/famous-people-in-vodnjan\">Famous people in Vodnjan<\/a><\/li>\n\t<li class=\"page_item page-item-4053\"><a href=\"https:\/\/zupavodnjan.com\/en\/events-2\/iskrice-djecji-festival-duhovne-glazbe\">Iskrice &#8211; dje\u010dji festival duhovne glazbe<\/a><\/li>\n\t<li class=\"page_item page-item-4054\"><a href=\"https:\/\/zupavodnjan.com\/en\/events-2\/poveznice\">Poveznice<\/a><\/li>\n<\/ul>\n<\/li>\n<li class=\"page_item page-item-4055\"><a href=\"https:\/\/zupavodnjan.com\/en\/glossary\">Glossary<\/a><\/li>\n<li class=\"page_item page-item-4018 page_item_has_children\"><a href=\"https:\/\/zupavodnjan.com\/en\/contact\">Contact<\/a>\n<ul class='children'>\n\t<li class=\"page_item page-item-4025\"><a href=\"https:\/\/zupavodnjan.com\/en\/contact\/impressum\">Impressum<\/a><\/li>\n<\/ul>\n<\/li>\n<li class=\"page_item page-item-3927\"><a href=\"https:\/\/zupavodnjan.com\/en\/vodnjan-parish\/history-of-the-parish\">History of the parish<\/a><\/li>\n<li class=\"page_item page-item-4028\"><a href=\"https:\/\/zupavodnjan.com\/en\/vodnjan-parish\/gaetano-gresler\">Gaetano Gresler<\/a><\/li>\n<li class=\"page_item page-item-4034\"><a href=\"https:\/\/zupavodnjan.com\/en\/vodnjan-parish\/don-vinko-peresa\">Don Vinko Pere\u0161a<\/a><\/li>\n<li class=\"page_item page-item-4035\"><a href=\"https:\/\/zupavodnjan.com\/en\/vodnjan-parish\/don-rodolfo-toncetti\">Don Rodolfo Toncetti<\/a><\/li>\n<li class=\"page_item page-item-3930\"><a href=\"https:\/\/zupavodnjan.com\/en\/vodnjan-parish\/donations\">Donations<\/a><\/li>\n<\/ul><\/div>\n\n","protected":false},"excerpt":{"rendered":"<p>[message_box color=&#8221;red&#8221;]Unfortunately, this page is only in Croatian. If you want to help, you can donate funds for translation.[\/message_box] <div id=\"jig3\" class=\"justified-image-grid jig-e240b012a07a30f112246e8aa69b0c50 jig-preset-global\"><div class=\"jig-clearfix\"><\/div><noscript id=\"jig3-html\" class=\"justified-image-grid-html\" data-lazy-src=\"skiplazyload\" data-src=\"skipunveillazyload\"><ul><li><a href=\"https:\/\/zupavodnjan.com\/wp-content\/gallery\/gospe-kamelske\/img_6125.jpg\" title=\"img_6125\"><img loading=\"lazy\" decoding=\"async\" src=\"https:\/\/zupavodnjan.com\/wp-content\/gallery\/gospe-kamelske\/img_6125.jpg\" alt=\"img_6125\" width=\"1040\" height=\"780\" \/><\/a><p class=\"jig-HTMLdescription\">img_6125<\/p><\/li><\/ul><\/noscript><\/div> [divider scroll_text=&#8221;&#8221;] Karmelska Gospa Na prvoj tre\u0107ini du\u017eine Trgova\u010dke ulice nalazimo gradsku crkvu Gospe Karmelske iz 17. st. za koju se navodi da je izgra\u0111ena na mjestu mnogo starije crkve Sv. Sebastijana. [&hellip;]<\/p>\n","protected":false},"author":5,"featured_media":0,"parent":3935,"menu_order":26,"comment_status":"open","ping_status":"open","template":"","meta":{"_et_pb_use_builder":"on","_et_pb_old_content":"","_et_gb_content_width":"","ngg_post_thumbnail":0,"footnotes":""},"dipi_cpt_category":[],"class_list":["post-4039","page","type-page","status-publish","hentry"],"_links":{"self":[{"href":"https:\/\/zupavodnjan.com\/en\/wp-json\/wp\/v2\/pages\/4039","targetHints":{"allow":["GET"]}}],"collection":[{"href":"https:\/\/zupavodnjan.com\/en\/wp-json\/wp\/v2\/pages"}],"about":[{"href":"https:\/\/zupavodnjan.com\/en\/wp-json\/wp\/v2\/types\/page"}],"author":[{"embeddable":true,"href":"https:\/\/zupavodnjan.com\/en\/wp-json\/wp\/v2\/users\/5"}],"replies":[{"embeddable":true,"href":"https:\/\/zupavodnjan.com\/en\/wp-json\/wp\/v2\/comments?post=4039"}],"version-history":[{"count":0,"href":"https:\/\/zupavodnjan.com\/en\/wp-json\/wp\/v2\/pages\/4039\/revisions"}],"up":[{"embeddable":true,"href":"https:\/\/zupavodnjan.com\/en\/wp-json\/wp\/v2\/pages\/3935"}],"wp:attachment":[{"href":"https:\/\/zupavodnjan.com\/en\/wp-json\/wp\/v2\/media?parent=4039"}],"wp:term":[{"taxonomy":"dipi_cpt_category","embeddable":true,"href":"https:\/\/zupavodnjan.com\/en\/wp-json\/wp\/v2\/dipi_cpt_category?post=4039"}],"curies":[{"name":"wp","href":"https:\/\/api.w.org\/{rel}","templated":true}]}}