{"id":4046,"date":"2013-01-03T09:13:52","date_gmt":"2013-01-03T08:13:52","guid":{"rendered":"http:\/\/zupavodnjan.com\/churches\/sveta-katarina"},"modified":"2013-08-27T13:10:08","modified_gmt":"2013-08-27T12:10:08","slug":"saint-catherine","status":"publish","type":"page","link":"https:\/\/zupavodnjan.com\/en\/churches\/saint-catherine","title":{"rendered":"Saint Catherine"},"content":{"rendered":"<p>[message_box color=&#8221;red&#8221;]Unfortunately, this page is only in Croatian. If you want to help, <strong><a href=\"https:\/\/zupavodnjan.com\/en\/vodnjan-parish\/donations\">you can donate funds<\/a><\/strong> for translation.[\/message_box]<br \/>\n<div id=\"jig1\" class=\"justified-image-grid jig-93b8a50f2f5e79807229bced2d50e854 jig-preset-global\"><div class=\"jig-clearfix\"><\/div><noscript id=\"jig1-html\" class=\"justified-image-grid-html\" data-lazy-src=\"skiplazyload\" data-src=\"skipunveillazyload\"><ul><li><a href=\"https:\/\/zupavodnjan.com\/wp-content\/gallery\/sveta-katarina\/img_6085_1600.jpg\" title=\"img_6085_1600\"><img loading=\"lazy\" decoding=\"async\" src=\"https:\/\/zupavodnjan.com\/wp-content\/gallery\/sveta-katarina\/img_6085_1600.jpg\" alt=\"img_6085_1600\" width=\"1040\" height=\"780\" \/><\/a><p class=\"jig-HTMLdescription\">img_6085_1600<\/p><\/li><\/ul><\/noscript><\/div><br \/>\n[divider scroll_text=&#8221;&#8221;]<\/p>\n<h2><strong>Sveta Katarina<\/strong><\/h2>\n<p>Crkva Sveta Katerina nalazi se na djelu ra\u010dvanja ulica, prema osnovnoj \u0161koli i gradskom parkirali\u0161tu. Vjeruje se da je ona najstarija crkva u gradu. Pravokutnog je tlocrta i s istaknutom apsidom sa zna\u010dajkama rane romanike, pa je ovisno o izvorima smje\u0161taju u 12. ili 13. st. Tijekom kolovoza i studenog 2012. djelatnici Odjela za zidno slikarstvo i mozaik HRZ-a obavili su konzervatorsko-restauratorske radove i istra\u017eivanja na zidnim slikama. Zidni oslik na sjevernom zidu otkriven je tijekom prija\u0161njih radova, a prikazuje sv. Apoloniju i Misti\u010dne zaruke sv. Katarine.<\/p>\n<p>Zbog postojanja tog zidnog oslika izvedena su istra\u017eivanja na preostalim zidovima. Otvaranjem sondi ispod naknadnih vapneno-cementnih \u017ebuka i nali\u010da utvr\u0111ene su dobro o\u010duvane srednjevjekovne zidne slike. U zoni apside otkriven je lik Krista u centralnom dijelu sa po dva mu\u0161ka i \u017eenska sveca sa svake strane. Na ju\u017enom zidu vidljiv je dio sa\u010duvane scene sa svecima za stolom, a na zapadnom zidu otkriven je detalj scene posljednjega suda. Uz zidne slike, otkriveni su razni urezani crte\u017ei (brodovi, grbovi, zvijezde i sl.) i grafiti (pisani latinicom i glagoljicom) koji su tako\u0111er vrlo zna\u010dajan nalaz. Osim sanacije zidnih slika na sjevernom zidu je rekonstruirana o\u0161te\u0107ena kamena \u0161kropionica.<\/p>\n<div id=\"jig2\" class=\"justified-image-grid jig-e671fb8c2ac895355651682d40c0bdd6 jig-preset-global\"><div class=\"jig-clearfix\"><\/div><noscript id=\"jig2-html\" class=\"justified-image-grid-html\" data-lazy-src=\"skiplazyload\" data-src=\"skipunveillazyload\"><ul><li><a href=\"https:\/\/zupavodnjan.com\/wp-content\/gallery\/sveta-katarina\/crkva-sv-katarine_freske-grafiti_glagoljica.jpg\"><img loading=\"lazy\" decoding=\"async\" src=\"https:\/\/zupavodnjan.com\/wp-content\/gallery\/sveta-katarina\/crkva-sv-katarine_freske-grafiti_glagoljica.jpg\" alt=\"\" width=\"345\" height=\"230\" \/><\/a><\/li><li><a href=\"https:\/\/zupavodnjan.com\/wp-content\/gallery\/sveta-katarina\/img_5136.jpg\" title=\"img_5136\"><img loading=\"lazy\" decoding=\"async\" src=\"https:\/\/zupavodnjan.com\/wp-content\/gallery\/sveta-katarina\/img_5136.jpg\" alt=\"img_5136\" width=\"344\" height=\"230\" \/><\/a><p class=\"jig-HTMLdescription\">img_5136<\/p><\/li><li><a href=\"https:\/\/zupavodnjan.com\/wp-content\/gallery\/sveta-katarina\/crkva-sv-katarine_freske.jpg\"><img loading=\"lazy\" decoding=\"async\" src=\"https:\/\/zupavodnjan.com\/wp-content\/gallery\/sveta-katarina\/crkva-sv-katarine_freske.jpg\" alt=\"\" width=\"345\" height=\"230\" \/><\/a><\/li><li><a href=\"https:\/\/zupavodnjan.com\/wp-content\/gallery\/sveta-katarina\/crkva-sv-katarine_1.jpg\"><img loading=\"lazy\" decoding=\"async\" src=\"https:\/\/zupavodnjan.com\/wp-content\/gallery\/sveta-katarina\/crkva-sv-katarine_1.jpg\" alt=\"\" width=\"345\" height=\"230\" \/><\/a><\/li><li><a href=\"https:\/\/zupavodnjan.com\/wp-content\/gallery\/sveta-katarina\/crkva-sv-katarine_2.jpg\"><img loading=\"lazy\" decoding=\"async\" src=\"https:\/\/zupavodnjan.com\/wp-content\/gallery\/sveta-katarina\/crkva-sv-katarine_2.jpg\" alt=\"\" width=\"306\" height=\"230\" \/><\/a><\/li><li><a href=\"https:\/\/zupavodnjan.com\/wp-content\/gallery\/sveta-katarina\/img_5161.jpg\" title=\"img_5161\"><img loading=\"lazy\" decoding=\"async\" src=\"https:\/\/zupavodnjan.com\/wp-content\/gallery\/sveta-katarina\/img_5161.jpg\" alt=\"img_5161\" width=\"344\" height=\"230\" \/><\/a><p class=\"jig-HTMLdescription\">img_5161<\/p><\/li><li><a href=\"https:\/\/zupavodnjan.com\/wp-content\/gallery\/sveta-katarina\/crkva-sv-katarine_freske-4.jpg\"><img loading=\"lazy\" decoding=\"async\" src=\"https:\/\/zupavodnjan.com\/wp-content\/gallery\/sveta-katarina\/crkva-sv-katarine_freske-4.jpg\" alt=\"\" width=\"345\" height=\"230\" \/><\/a><\/li><li><a href=\"https:\/\/zupavodnjan.com\/wp-content\/gallery\/sveta-katarina\/img_6085_1600.jpg\" title=\"img_6085_1600\"><img loading=\"lazy\" decoding=\"async\" src=\"https:\/\/zupavodnjan.com\/wp-content\/gallery\/sveta-katarina\/img_6085_1600.jpg\" alt=\"img_6085_1600\" width=\"306\" height=\"230\" \/><\/a><p class=\"jig-HTMLdescription\">img_6085_1600<\/p><\/li><li><a href=\"https:\/\/zupavodnjan.com\/wp-content\/gallery\/sveta-katarina\/crkva-sv-katarine_freske-grafiti.jpg\"><img loading=\"lazy\" decoding=\"async\" src=\"https:\/\/zupavodnjan.com\/wp-content\/gallery\/sveta-katarina\/crkva-sv-katarine_freske-grafiti.jpg\" alt=\"\" width=\"345\" height=\"230\" \/><\/a><\/li><li><a href=\"https:\/\/zupavodnjan.com\/wp-content\/gallery\/sveta-katarina\/crkva-sv-katarine_freske-3.jpg\"><img loading=\"lazy\" decoding=\"async\" src=\"https:\/\/zupavodnjan.com\/wp-content\/gallery\/sveta-katarina\/crkva-sv-katarine_freske-3.jpg\" alt=\"\" width=\"345\" height=\"230\" \/><\/a><\/li><li><a href=\"https:\/\/zupavodnjan.com\/wp-content\/gallery\/sveta-katarina\/crkva-sv-katarine_freske-2.jpg\"><img loading=\"lazy\" decoding=\"async\" src=\"https:\/\/zupavodnjan.com\/wp-content\/gallery\/sveta-katarina\/crkva-sv-katarine_freske-2.jpg\" alt=\"\" width=\"345\" height=\"230\" \/><\/a><\/li><li><a href=\"https:\/\/zupavodnjan.com\/wp-content\/gallery\/sveta-katarina\/img_4878.jpg\" title=\"img_4878\"><img loading=\"lazy\" decoding=\"async\" src=\"https:\/\/zupavodnjan.com\/wp-content\/gallery\/sveta-katarina\/img_4878.jpg\" alt=\"img_4878\" width=\"306\" height=\"230\" \/><\/a><p class=\"jig-HTMLdescription\">img_4878<\/p><\/li><li><a href=\"https:\/\/zupavodnjan.com\/wp-content\/gallery\/sveta-katarina\/img_0333.jpg\" title=\"img_0333\"><img loading=\"lazy\" decoding=\"async\" src=\"https:\/\/zupavodnjan.com\/wp-content\/gallery\/sveta-katarina\/img_0333.jpg\" alt=\"img_0333\" width=\"306\" height=\"230\" \/><\/a><p class=\"jig-HTMLdescription\">img_0333<\/p><\/li><\/ul><\/noscript><\/div>\n<p>[divider scroll_text=&#8221;&#8221;]<\/p>\n<div class=\"menu\"><ul>\n<li ><a href=\"https:\/\/zupavodnjan.com\/en\">Home<\/a><\/li><li class=\"page_item page-item-3984\"><a href=\"https:\/\/zupavodnjan.com\/en\/main\">main<\/a><\/li>\n<li class=\"page_item page-item-3935 page_item_has_children\"><a href=\"https:\/\/zupavodnjan.com\/en\/churches\">Churches<\/a>\n<ul class='children'>\n\t<li class=\"page_item page-item-3937 page_item_has_children\"><a href=\"https:\/\/zupavodnjan.com\/en\/churches\/saint-blasius\">Saint Blasius<\/a>\n\t<ul class='children'>\n\t\t<li class=\"page_item page-item-4037\"><a href=\"https:\/\/zupavodnjan.com\/en\/churches\/saint-blasius\/venerio-trevisan\">Venerio Trevisan<\/a><\/li>\n\t\t<li class=\"page_item page-item-4038\"><a href=\"https:\/\/zupavodnjan.com\/en\/churches\/saint-blasius\/stained-glass-of-the-church-of-st-blasius-ring-of-salvation\">Stained glass of the Church of St. Blasius \u2013 Ring of salvation<\/a><\/li>\n\t\t<li class=\"page_item page-item-3949\"><a href=\"https:\/\/zupavodnjan.com\/en\/churches\/saint-blasius\/crypt\">Crypt<\/a><\/li>\n\t<\/ul>\n<\/li>\n\t<li class=\"page_item page-item-4041\"><a href=\"https:\/\/zupavodnjan.com\/en\/churches\/madonna-of-traverse\">Madonna of Traverse<\/a><\/li>\n\t<li class=\"page_item page-item-4039\"><a href=\"https:\/\/zupavodnjan.com\/en\/churches\/our-lady-of-mount-carmel\">Our Lady of Mount Carmel<\/a><\/li>\n\t<li class=\"page_item page-item-3940\"><a href=\"https:\/\/zupavodnjan.com\/en\/churches\/saint-fosca\">Saint Fosca<\/a><\/li>\n\t<li class=\"page_item page-item-4043\"><a href=\"https:\/\/zupavodnjan.com\/en\/churches\/saint-jacob\">Saint Jacob<\/a><\/li>\n\t<li class=\"page_item page-item-4047\"><a href=\"https:\/\/zupavodnjan.com\/en\/churches\/holy-cross\">Holy Cross<\/a><\/li>\n\t<li class=\"page_item page-item-4048\"><a href=\"https:\/\/zupavodnjan.com\/en\/churches\/saint-martin\">Saint Martin<\/a><\/li>\n\t<li class=\"page_item page-item-4049\"><a href=\"https:\/\/zupavodnjan.com\/en\/churches\/saint-roch\">Saint Roch<\/a><\/li>\n\t<li class=\"page_item page-item-4046\"><a href=\"https:\/\/zupavodnjan.com\/en\/churches\/saint-catherine\">Saint Catherine<\/a><\/li>\n\t<li class=\"page_item page-item-4045\"><a href=\"https:\/\/zupavodnjan.com\/en\/churches\/ostale-crkve-vodnjanstine\">Ostale crkve Vodnjan\u0161tine<\/a><\/li>\n<\/ul>\n<\/li>\n<li class=\"page_item page-item-3942\"><a href=\"https:\/\/zupavodnjan.com\/en\/holy-bodies\">Holy Bodies<\/a><\/li>\n<li class=\"page_item page-item-3959 page_item_has_children\"><a href=\"https:\/\/zupavodnjan.com\/en\/museum\">Museum<\/a>\n<ul class='children'>\n\t<li class=\"page_item page-item-3963\"><a href=\"https:\/\/zupavodnjan.com\/en\/museum\/chronology-of-the-collection-formation\">Chronology of the collection formation<\/a><\/li>\n\t<li class=\"page_item page-item-3965\"><a href=\"https:\/\/zupavodnjan.com\/en\/museum\/collection-contents\">Collection contents<\/a><\/li>\n\t<li class=\"page_item page-item-4050\"><a href=\"https:\/\/zupavodnjan.com\/en\/museum\/collection-exhibit\">Collection exhibit<\/a><\/li>\n<\/ul>\n<\/li>\n<li class=\"page_item page-item-3968 page_item_has_children\"><a href=\"https:\/\/zupavodnjan.com\/en\/events-2\">Events<\/a>\n<ul class='children'>\n\t<li class=\"page_item page-item-4051\"><a href=\"https:\/\/zupavodnjan.com\/en\/events-2\/publikacije\">Publikacije<\/a><\/li>\n\t<li class=\"page_item page-item-3970\"><a href=\"https:\/\/zupavodnjan.com\/en\/events-2\/famous-people-in-vodnjan\">Famous people in Vodnjan<\/a><\/li>\n\t<li class=\"page_item page-item-4053\"><a href=\"https:\/\/zupavodnjan.com\/en\/events-2\/iskrice-djecji-festival-duhovne-glazbe\">Iskrice &#8211; dje\u010dji festival duhovne glazbe<\/a><\/li>\n\t<li class=\"page_item page-item-4054\"><a href=\"https:\/\/zupavodnjan.com\/en\/events-2\/poveznice\">Poveznice<\/a><\/li>\n<\/ul>\n<\/li>\n<li class=\"page_item page-item-4055\"><a href=\"https:\/\/zupavodnjan.com\/en\/glossary\">Glossary<\/a><\/li>\n<li class=\"page_item page-item-4018 page_item_has_children\"><a href=\"https:\/\/zupavodnjan.com\/en\/contact\">Contact<\/a>\n<ul class='children'>\n\t<li class=\"page_item page-item-4025\"><a href=\"https:\/\/zupavodnjan.com\/en\/contact\/impressum\">Impressum<\/a><\/li>\n<\/ul>\n<\/li>\n<li class=\"page_item page-item-3927\"><a href=\"https:\/\/zupavodnjan.com\/en\/vodnjan-parish\/history-of-the-parish\">History of the parish<\/a><\/li>\n<li class=\"page_item page-item-4028\"><a href=\"https:\/\/zupavodnjan.com\/en\/vodnjan-parish\/gaetano-gresler\">Gaetano Gresler<\/a><\/li>\n<li class=\"page_item page-item-4034\"><a href=\"https:\/\/zupavodnjan.com\/en\/vodnjan-parish\/don-vinko-peresa\">Don Vinko Pere\u0161a<\/a><\/li>\n<li class=\"page_item page-item-4035\"><a href=\"https:\/\/zupavodnjan.com\/en\/vodnjan-parish\/don-rodolfo-toncetti\">Don Rodolfo Toncetti<\/a><\/li>\n<li class=\"page_item page-item-3930\"><a href=\"https:\/\/zupavodnjan.com\/en\/vodnjan-parish\/donations\">Donations<\/a><\/li>\n<\/ul><\/div>\n\n","protected":false},"excerpt":{"rendered":"<p>[message_box color=&#8221;red&#8221;]Unfortunately, this page is only in Croatian. If you want to help, you can donate funds for translation.[\/message_box] <div id=\"jig3\" class=\"justified-image-grid jig-93b8a50f2f5e79807229bced2d50e854 jig-preset-global\"><div class=\"jig-clearfix\"><\/div><noscript id=\"jig3-html\" class=\"justified-image-grid-html\" data-lazy-src=\"skiplazyload\" data-src=\"skipunveillazyload\"><ul><li><a href=\"https:\/\/zupavodnjan.com\/wp-content\/gallery\/sveta-katarina\/img_6085_1600.jpg\" title=\"img_6085_1600\"><img loading=\"lazy\" decoding=\"async\" src=\"https:\/\/zupavodnjan.com\/wp-content\/gallery\/sveta-katarina\/img_6085_1600.jpg\" alt=\"img_6085_1600\" width=\"1040\" height=\"780\" \/><\/a><p class=\"jig-HTMLdescription\">img_6085_1600<\/p><\/li><\/ul><\/noscript><\/div> [divider scroll_text=&#8221;&#8221;] Sveta Katarina Crkva Sveta Katerina nalazi se na djelu ra\u010dvanja ulica, prema osnovnoj \u0161koli i gradskom parkirali\u0161tu. Vjeruje se da je ona najstarija crkva u gradu. Pravokutnog je tlocrta i [&hellip;]<\/p>\n","protected":false},"author":5,"featured_media":0,"parent":3935,"menu_order":36,"comment_status":"open","ping_status":"open","template":"","meta":{"_et_pb_use_builder":"on","_et_pb_old_content":"","_et_gb_content_width":"","ngg_post_thumbnail":0,"footnotes":""},"dipi_cpt_category":[],"class_list":["post-4046","page","type-page","status-publish","hentry"],"_links":{"self":[{"href":"https:\/\/zupavodnjan.com\/en\/wp-json\/wp\/v2\/pages\/4046","targetHints":{"allow":["GET"]}}],"collection":[{"href":"https:\/\/zupavodnjan.com\/en\/wp-json\/wp\/v2\/pages"}],"about":[{"href":"https:\/\/zupavodnjan.com\/en\/wp-json\/wp\/v2\/types\/page"}],"author":[{"embeddable":true,"href":"https:\/\/zupavodnjan.com\/en\/wp-json\/wp\/v2\/users\/5"}],"replies":[{"embeddable":true,"href":"https:\/\/zupavodnjan.com\/en\/wp-json\/wp\/v2\/comments?post=4046"}],"version-history":[{"count":0,"href":"https:\/\/zupavodnjan.com\/en\/wp-json\/wp\/v2\/pages\/4046\/revisions"}],"up":[{"embeddable":true,"href":"https:\/\/zupavodnjan.com\/en\/wp-json\/wp\/v2\/pages\/3935"}],"wp:attachment":[{"href":"https:\/\/zupavodnjan.com\/en\/wp-json\/wp\/v2\/media?parent=4046"}],"wp:term":[{"taxonomy":"dipi_cpt_category","embeddable":true,"href":"https:\/\/zupavodnjan.com\/en\/wp-json\/wp\/v2\/dipi_cpt_category?post=4046"}],"curies":[{"name":"wp","href":"https:\/\/api.w.org\/{rel}","templated":true}]}}