{"id":4051,"date":"2013-01-15T09:45:10","date_gmt":"2013-01-15T08:45:10","guid":{"rendered":"http:\/\/zupavodnjan.com\/events\/publikacije"},"modified":"2026-01-25T13:45:48","modified_gmt":"2026-01-25T12:45:48","slug":"publikacije","status":"publish","type":"page","link":"https:\/\/zupavodnjan.com\/en\/events-2\/publikacije","title":{"rendered":"Publikacije"},"content":{"rendered":"<p>[et_pb_section fb_built=&#8221;1&#8243; _builder_version=&#8221;4.16&#8243; global_colors_info=&#8221;{}&#8221;][et_pb_row _builder_version=&#8221;4.16&#8243; background_size=&#8221;initial&#8221; background_position=&#8221;top_left&#8221; background_repeat=&#8221;repeat&#8221; global_colors_info=&#8221;{}&#8221;][et_pb_column type=&#8221;4_4&#8243; _builder_version=&#8221;4.16&#8243; custom_padding=&#8221;|||&#8221; global_colors_info=&#8221;{}&#8221; custom_padding__hover=&#8221;|||&#8221;][et_pb_post_title meta=&#8221;off&#8221; featured_image=&#8221;off&#8221; _builder_version=&#8221;4.27.5&#8243; _module_preset=&#8221;default&#8221; locked=&#8221;off&#8221; global_colors_info=&#8221;{}&#8221;][\/et_pb_post_title][et_pb_text _builder_version=&#8221;4.27.5&#8243; background_size=&#8221;initial&#8221; background_position=&#8221;top_left&#8221; background_repeat=&#8221;repeat&#8221; hover_enabled=&#8221;0&#8243; global_colors_info=&#8221;{}&#8221; sticky_enabled=&#8221;0&#8243;]<\/p>\n<h2>IZLET U SVETO (uzorak, 16 od 132 str)<\/h2>\n<p><iframe style=\"width:100%; height:468px;\" src=\"\/\/e.issuu.com\/embed.html#3536577\/43868775\" frameborder=\"0\" allowfullscreen><\/iframe><\/p>\n<div style=\"height: 40px;\">&nbsp;<\/div>\n<h2>AD TITULUM BASILICAE MINORIS OBTINENDUM<\/h2>\n<p><iframe style=\"width:100%; height:460px;\" src=\"\/\/e.issuu.com\/embed.html#3536577\/4114310\" frameborder=\"0\" allowfullscreen><\/iframe><\/p>\n<div style=\"height: 40px;\">&nbsp;<\/div>\n<h2>Moja \u017eupa Attinianum<\/h2>\n<p><iframe style=\"width:100%; height:520px;\" src=\"\/\/e.issuu.com\/embed.html#3536577\/1121759\" frameborder=\"0\" allowfullscreen><\/iframe><\/p>\n<div style=\"height: 40px;\">&nbsp;<\/div>\n<h2>Prsten spasenja &#8211; Vitra\u017ei \u017eupne crkve Sveti Bla\u017e<\/h2>\n<p><iframe style=\"width:100%; height:520px;\" src=\"\/\/e.issuu.com\/embed.html#3536577\/3847472\" frameborder=\"0\" allowfullscreen><\/iframe><\/p>\n<div style=\"height: 40px;\">&nbsp;<\/div>\n<h2>Galerija velikana<\/h2>\n<p><iframe style=\"width:100%; height:520px;\" src=\"\/\/e.issuu.com\/embed.html#3536577\/1304287\" frameborder=\"0\" allowfullscreen><\/iframe><\/p>\n<div style=\"height: 40px;\">&nbsp;<\/div>\n<h2>\u017dupnik u ratu<\/h2>\n<p><iframe style=\"width:100%; height:520px;\" src=\"\/\/e.issuu.com\/embed.html#3536577\/2806071\" frameborder=\"0\" allowfullscreen><\/iframe><\/p>\n<div style=\"height: 40px;\">&nbsp;<\/div>\n<h2>Iskrice \u2013 dje\u010dji festival duhovne glazbe<\/h2>\n<p><iframe style=\"width:100%; height:520px;\" src=\"\/\/e.issuu.com\/embed.html#3536577\/1173599\" frameborder=\"0\" allowfullscreen><\/iframe><\/p>\n<div style=\"height: 40px;\">&nbsp;<\/div>\n<h2>\u010cudo u Vodnjanu<\/h2>\n<p><iframe loading=\"lazy\" src=\"\/\/e.issuu.com\/embed.html#3536577\/6418786\" allowfullscreen=\"allowfullscreen\" width=\"660\" height=\"520\" frameborder=\"0\"><\/iframe><\/p>\n<h2>Wunder in Vodnjan<\/h2>\n<p><iframe loading=\"lazy\" src=\"\/\/e.issuu.com\/embed.html#3536577\/6419684\" allowfullscreen=\"allowfullscreen\" width=\"660\" height=\"561\" frameborder=\"0\"><\/iframe><br \/>\n[\/et_pb_text][et_pb_menu _builder_version=&#8221;4.27.5&#8243; _module_preset=&#8221;default&#8221; hover_enabled=&#8221;0&#8243; sticky_enabled=&#8221;0&#8243;][\/et_pb_menu][\/et_pb_column][\/et_pb_row][\/et_pb_section]<\/p>\n","protected":false},"excerpt":{"rendered":"<p>IZLET U SVETO (uzorak, 16 od 132 str) &nbsp; AD TITULUM BASILICAE MINORIS OBTINENDUM &nbsp; Moja \u017eupa Attinianum &nbsp; Prsten spasenja &#8211; Vitra\u017ei \u017eupne crkve Sveti Bla\u017e &nbsp; Galerija velikana &nbsp; \u017dupnik u ratu &nbsp; Iskrice \u2013 dje\u010dji festival duhovne glazbe &nbsp; \u010cudo u Vodnjanu Wunder in Vodnjan<\/p>\n","protected":false},"author":5,"featured_media":0,"parent":3968,"menu_order":0,"comment_status":"open","ping_status":"open","template":"","meta":{"_et_pb_use_builder":"on","_et_pb_old_content":"<h2>IZLET U SVETO (uzorak, 16 od 132 str)<\/h2>\r\n<iframe style=\"width:100%; height:468px;\" src=\"\/\/e.issuu.com\/embed.html#3536577\/43868775\" frameborder=\"0\" allowfullscreen><\/iframe>\r\n<div style=\"height: 40px;\">\u00a0<\/div>\r\n<h2>AD TITULUM BASILICAE MINORIS OBTINENDUM<\/h2>\r\n<iframe style=\"width:100%; height:460px;\" src=\"\/\/e.issuu.com\/embed.html#3536577\/4114310\" frameborder=\"0\" allowfullscreen><\/iframe>\r\n<div style=\"height: 40px;\">\u00a0<\/div>\r\n<h2>Moja \u017eupa Attinianum<\/h2>\r\n<iframe style=\"width:100%; height:520px;\" src=\"\/\/e.issuu.com\/embed.html#3536577\/1121759\" frameborder=\"0\" allowfullscreen><\/iframe>\r\n<div style=\"height: 40px;\">\u00a0<\/div>\r\n<h2>Prsten spasenja - Vitra\u017ei \u017eupne crkve Sveti Bla\u017e<\/h2>\r\n<iframe style=\"width:100%; height:520px;\" src=\"\/\/e.issuu.com\/embed.html#3536577\/3847472\" frameborder=\"0\" allowfullscreen><\/iframe>\r\n<div style=\"height: 40px;\">\u00a0<\/div>\r\n<h2>Galerija velikana<\/h2>\r\n<iframe style=\"width:100%; height:520px;\" src=\"\/\/e.issuu.com\/embed.html#3536577\/1304287\" frameborder=\"0\" allowfullscreen><\/iframe>\r\n<div style=\"height: 40px;\">\u00a0<\/div>\r\n<h2>\u017dupnik u ratu<\/h2>\r\n<iframe style=\"width:100%; height:520px;\" src=\"\/\/e.issuu.com\/embed.html#3536577\/2806071\" frameborder=\"0\" allowfullscreen><\/iframe>\r\n<div style=\"height: 40px;\">\u00a0<\/div>\r\n<h2>Iskrice \u2013 dje\u010dji festival duhovne glazbe<\/h2>\r\n<iframe style=\"width:100%; height:520px;\" src=\"\/\/e.issuu.com\/embed.html#3536577\/1173599\" frameborder=\"0\" allowfullscreen><\/iframe>\r\n<div style=\"height: 40px;\">\u00a0<\/div>\r\n<h2>\u010cudo u Vodnjanu<\/h2>\r\n<iframe src=\"\/\/e.issuu.com\/embed.html#3536577\/6418786\" allowfullscreen=\"allowfullscreen\" width=\"660\" height=\"520\" frameborder=\"0\"><\/iframe>\r\n<h2>Wunder in Vodnjan<\/h2>\r\n<iframe src=\"\/\/e.issuu.com\/embed.html#3536577\/6419684\" allowfullscreen=\"allowfullscreen\" width=\"660\" height=\"561\" frameborder=\"0\"><\/iframe>\r\n[divider scroll_text=\"\"]\r\n\r\n[show-menu menu=\"Podmenu\"]","_et_gb_content_width":"","ngg_post_thumbnail":0,"footnotes":""},"dipi_cpt_category":[],"class_list":["post-4051","page","type-page","status-publish","hentry"],"_links":{"self":[{"href":"https:\/\/zupavodnjan.com\/en\/wp-json\/wp\/v2\/pages\/4051","targetHints":{"allow":["GET"]}}],"collection":[{"href":"https:\/\/zupavodnjan.com\/en\/wp-json\/wp\/v2\/pages"}],"about":[{"href":"https:\/\/zupavodnjan.com\/en\/wp-json\/wp\/v2\/types\/page"}],"author":[{"embeddable":true,"href":"https:\/\/zupavodnjan.com\/en\/wp-json\/wp\/v2\/users\/5"}],"replies":[{"embeddable":true,"href":"https:\/\/zupavodnjan.com\/en\/wp-json\/wp\/v2\/comments?post=4051"}],"version-history":[{"count":2,"href":"https:\/\/zupavodnjan.com\/en\/wp-json\/wp\/v2\/pages\/4051\/revisions"}],"predecessor-version":[{"id":5197,"href":"https:\/\/zupavodnjan.com\/en\/wp-json\/wp\/v2\/pages\/4051\/revisions\/5197"}],"up":[{"embeddable":true,"href":"https:\/\/zupavodnjan.com\/en\/wp-json\/wp\/v2\/pages\/3968"}],"wp:attachment":[{"href":"https:\/\/zupavodnjan.com\/en\/wp-json\/wp\/v2\/media?parent=4051"}],"wp:term":[{"taxonomy":"dipi_cpt_category","embeddable":true,"href":"https:\/\/zupavodnjan.com\/en\/wp-json\/wp\/v2\/dipi_cpt_category?post=4051"}],"curies":[{"name":"wp","href":"https:\/\/api.w.org\/{rel}","templated":true}]}}