{"id":4053,"date":"2013-01-18T13:57:35","date_gmt":"2013-01-18T12:57:35","guid":{"rendered":"http:\/\/zupavodnjan.com\/events\/iskrice-djecji-festival-duhovne-glazbe"},"modified":"2026-01-25T13:49:47","modified_gmt":"2026-01-25T12:49:47","slug":"iskrice-djecji-festival-duhovne-glazbe","status":"publish","type":"page","link":"https:\/\/zupavodnjan.com\/en\/events-2\/iskrice-djecji-festival-duhovne-glazbe","title":{"rendered":"Iskrice &#8211; dje\u010dji festival duhovne glazbe"},"content":{"rendered":"<p>[et_pb_section fb_built=&#8221;1&#8243; _builder_version=&#8221;4.16&#8243; global_colors_info=&#8221;{}&#8221;][et_pb_row _builder_version=&#8221;4.16&#8243; background_size=&#8221;initial&#8221; background_position=&#8221;top_left&#8221; background_repeat=&#8221;repeat&#8221; global_colors_info=&#8221;{}&#8221;][et_pb_column type=&#8221;4_4&#8243; _builder_version=&#8221;4.16&#8243; custom_padding=&#8221;|||&#8221; global_colors_info=&#8221;{}&#8221; custom_padding__hover=&#8221;|||&#8221;][et_pb_post_title meta=&#8221;off&#8221; featured_image=&#8221;off&#8221; _builder_version=&#8221;4.27.5&#8243; _module_preset=&#8221;default&#8221; locked=&#8221;off&#8221; global_colors_info=&#8221;{}&#8221;][\/et_pb_post_title][et_pb_text _builder_version=&#8221;4.27.5&#8243; background_size=&#8221;initial&#8221; background_position=&#8221;top_left&#8221; background_repeat=&#8221;repeat&#8221; hover_enabled=&#8221;0&#8243; global_colors_info=&#8221;{}&#8221; sticky_enabled=&#8221;0&#8243;]<div id=\"jig1\" class=\"justified-image-grid jig-699b2eaae9dad618be1a6cd09ebc9f13 jig-preset-global\"><div class=\"jig-clearfix\"><\/div><noscript id=\"jig1-html\" class=\"justified-image-grid-html\" data-lazy-src=\"skiplazyload\" data-src=\"skipunveillazyload\"><ul><li><a href=\"https:\/\/zupavodnjan.com\/wp-content\/gallery\/iskrice\/iskrice-2009.jpg\"><img loading=\"lazy\" decoding=\"async\" src=\"https:\/\/zupavodnjan.com\/wp-content\/gallery\/iskrice\/iskrice-2009.jpg\" alt=\"\" width=\"1170\" height=\"780\" \/><\/a><\/li><\/ul><\/noscript><\/div><\/p>\n<h2><b>Iskrice &#8211; <\/b>Dje\u010dji festival duhovne glazbe<\/h2>\n<p>Na jednom programskom sastanku \u017eupnik Marijan Jeleni\u0107 je iznio ideju organiziranja natjecanja gdje bi nastupali zborovi i solisti, u vidu dje\u010djeg festivala iz osnovnih \u0161kola razli\u010ditih \u017eupa. Kristina Zadnik mu je nadjenula ime. I tako se 1997. rodio Dje\u010dji festival duhovne glazbe \u201eIskrice\u201c.<\/p>\n<p>Mjesec svibanj, prije \u0161kolskog raspusta, prepoznat je kao najzgodnije vrijeme za odr\u017eavanje festivala. Unato\u010d strahu odaziv je bio dobar. Prvi je festival vi\u0161e dao organizatoru nego on njemu. Ohrabreni predlo\u017eili su pisanje novih tekstova i komponiranje nove glazbe, izvo\u0111enje poznatih i nepoznatih pjesama duhovnog sadr\u017eaja. \u017deljeli se plemenitom aktivno\u0161\u0107u zaokupiti mnogo djece. Dru\u017eenje, zauzetost, stvarala\u0161tvo, stapanje u jedno, sve su to vrline koje su djeca stjecala zabavljaju\u0107i se stvaranjem repertoara za \u201eIskrice\u201c. Zbog njihove borbenosti i \u017eara Festival je natjecateljski. Na Festivalu nastupaju dvije kategorije zborova: \u017eupski i \u0161kolski. S vremenom se rodila i tre\u0107a kategorija, dobrovoljaca koji su stvorili vlastitu grupu \u2013 dje\u010djih crkvenih zborova i katoli\u010dkih udruga. Festival je u \u0161esnaest godina animirao i motivirao oko 8000 djece i njihovih pratilaca. Odra\u0111eno je tisu\u0107e sati plemenitog, odgojnog i dobrovoljnog rada. Svojevrsni fenomen! Svake je godine Festival stavljen pod za\u0161titu Sluge Bo\u017ejega Egidija Bule\u0161i\u0107a koji je u Istri zasjao kao apostol djece i mladih.<\/p>\n<p>Prvi je festival odr\u017ean u \u017dupnoj crkvi, ali se pokazalo kako dinami\u010dnost i uigranost djece ne prili\u010di jednom takvom duhovnom i hodo\u010dasni\u010dkom sredi\u0161tu. Dva slijede\u0107a odr\u017eana su u crkvi Gospe Karmelske, jednog u vodnjanskom Domu mladih a sve ostale na Narodnom trgu popularnoj placi,<\/p>\n<p>Za organizaciju festivala koji je rastao iz godine u godinu trebalo je rije\u0161iti stolice, sanitarne kabine, osigurati red, protokol izvedbi, tonske proba. Djeca su s putovanjem ostajala van ku\u0107e po pet \u0161est sati. Trebalo im je osigurati sendvi\u010de i pi\u0107e. Izrada nagrada, tiskanje diploma i slanje mnogostrukog materijala, poskupilo je odr\u017eavanje Festivala. Zbog toga se organizatoru, HKZ \u201eMI\u201c osnovna zajednica Vodnjan, u vidu pokroviteljstva pridru\u017euju: <a title=\"Pore\u010dko-pulska biskupija\" href=\"http:\/\/hr.wikipedia.org\/wiki\/Pore%C4%8Dko-pulska_biskupija\" target=\"_blank\">Pore\u010dko-pulska biskupija<\/a>, Grad Vodnjan i <a title=\"Istarska \u017eupanija\" href=\"http:\/\/hr.wikipedia.org\/wiki\/Istarska_%C5%BEupanija\" target=\"_blank\">Istarska \u017eupanija<\/a>.<\/p>\n<p>Svake se godine skupi oko 400 &#8211; 500 djece. I tada kao da se prolje\u0107e spustilo na Vodnjan, kako re\u010de biskup jedne godine na otvaranju Festivala. Djecu prate roditelji, prijateljia i simpatizeri. Osnovci svih razreda, \u010dak pred\u0161kolci, \u0161arolikost njihovih odijela, cik i \u017eamor, vesela i tolika razli\u010dita lica, Vodnjan su pretvorila u svojevrsnu umjetni\u010dku galeriju.\u201c Parada je to mladosti, veselja, ljepote i nevinosti. Trebalo je samo vidjeti onaj \u017ear, ono pljeskanje i bodrenje i za najmanje nagrade. Odu\u0161evljenje kojim su \u010destitali mali nezavidni ljudi jedni drugima. Trebalo je \u010duti pjevanje koje ni\u010dim nije optere\u0107eno, pjevanje koje lije\u010di.<\/p>\n<p>Kako napreduje i koje efekte ostvaruje u domeni odgoja djece mogao bi postati i Smotra dje\u010djeg likovnog, poetskog i dramskog stvarala\u0161tva. U tome bi trebala na\u0107i\u00a0 svoj interes \u0161iroka dru\u0161tvena zajednica jer djeca su budu\u0107nost. Grad Vodnjan danas \u201eIskrice\u201c prepoznaje kao svoju iznimnu kulturnu manifestaciju. Organizator \u017eeli da Festival okuplja \u0161to vi\u0161e djece, da se ispuni Kristova poruka: \u201ePustite dje\u010dicu k meni, nemojte im prije\u010diti, jer takvima pripada kraljevstvo Bo\u017eje!\u201c (Mt 10,14) Poruka je zapravo, op\u0107i poziv koji pokriva i pokrivat \u0107e sve Festivale. Pokriva i sveukupni ljudski \u017eivot, jer mi smo uvijek samo djeca, a \u017eivot je poziv vje\u010dnoga Oca!<\/p>\n<p><iframe style=\"width:100%; height:520px;\" src=\"\/\/e.issuu.com\/embed.html#3536577\/1173599\" frameborder=\"0\" allowfullscreen><\/iframe><br \/>\n<div id=\"jig2\" class=\"justified-image-grid jig-601a42d296d31c967c803a4a89aca5e5 jig-preset-global\"><div class=\"jig-clearfix\"><\/div><noscript id=\"jig2-html\" class=\"justified-image-grid-html\" data-lazy-src=\"skiplazyload\" data-src=\"skipunveillazyload\"><ul><li><a href=\"https:\/\/zupavodnjan.com\/wp-content\/gallery\/iskrice\/iskrice-2009_povorka.jpg\"><img loading=\"lazy\" decoding=\"async\" src=\"https:\/\/zupavodnjan.com\/wp-content\/gallery\/iskrice\/iskrice-2009_povorka.jpg\" alt=\"\" width=\"345\" height=\"230\" \/><\/a><\/li><li><a href=\"https:\/\/zupavodnjan.com\/wp-content\/gallery\/iskrice\/iskrice-2009_pobjednici.jpg\"><img loading=\"lazy\" decoding=\"async\" src=\"https:\/\/zupavodnjan.com\/wp-content\/gallery\/iskrice\/iskrice-2009_pobjednici.jpg\" alt=\"\" width=\"345\" height=\"230\" \/><\/a><\/li><li><a href=\"https:\/\/zupavodnjan.com\/wp-content\/gallery\/iskrice\/iskrice-2009.jpg\"><img loading=\"lazy\" decoding=\"async\" src=\"https:\/\/zupavodnjan.com\/wp-content\/gallery\/iskrice\/iskrice-2009.jpg\" alt=\"\" width=\"345\" height=\"230\" \/><\/a><\/li><\/ul><\/noscript><\/div><br \/>\n[\/et_pb_text][et_pb_menu _builder_version=&#8221;4.27.5&#8243; _module_preset=&#8221;default&#8221; hover_enabled=&#8221;0&#8243; sticky_enabled=&#8221;0&#8243;][\/et_pb_menu][\/et_pb_column][\/et_pb_row][\/et_pb_section]<\/p>\n","protected":false},"excerpt":{"rendered":"<p><div id=\"jig3\" class=\"justified-image-grid jig-699b2eaae9dad618be1a6cd09ebc9f13 jig-preset-global\"><div class=\"jig-clearfix\"><\/div><noscript id=\"jig3-html\" class=\"justified-image-grid-html\" data-lazy-src=\"skiplazyload\" data-src=\"skipunveillazyload\"><ul><li><a href=\"https:\/\/zupavodnjan.com\/wp-content\/gallery\/iskrice\/iskrice-2009.jpg\"><img loading=\"lazy\" decoding=\"async\" src=\"https:\/\/zupavodnjan.com\/wp-content\/gallery\/iskrice\/iskrice-2009.jpg\" alt=\"\" width=\"1170\" height=\"780\" \/><\/a><\/li><\/ul><\/noscript><\/div> Iskrice &#8211; Dje\u010dji festival duhovne glazbe Na jednom programskom sastanku \u017eupnik Marijan Jeleni\u0107 je iznio ideju organiziranja natjecanja gdje bi nastupali zborovi i solisti, u vidu dje\u010djeg festivala iz osnovnih \u0161kola razli\u010ditih \u017eupa. Kristina Zadnik mu je nadjenula ime. I tako se 1997. rodio Dje\u010dji festival duhovne glazbe \u201eIskrice\u201c. Mjesec svibanj, [&hellip;]<\/p>\n","protected":false},"author":5,"featured_media":0,"parent":3968,"menu_order":21,"comment_status":"open","ping_status":"open","template":"","meta":{"_et_pb_use_builder":"on","_et_pb_old_content":"[justified_image_grid row_height=480 height_deviation=300 ng_pics=311]\r\n[divider scroll_text=\"\"]\r\n<h2><b>Iskrice - <\/b>Dje\u010dji festival duhovne glazbe<\/h2>\r\nNa jednom programskom sastanku \u017eupnik Marijan Jeleni\u0107 je iznio ideju organiziranja natjecanja gdje bi nastupali zborovi i solisti, u vidu dje\u010djeg festivala iz osnovnih \u0161kola razli\u010ditih \u017eupa. Kristina Zadnik mu je nadjenula ime. I tako se 1997. rodio Dje\u010dji festival duhovne glazbe \u201eIskrice\u201c.\r\n\r\nMjesec svibanj, prije \u0161kolskog raspusta, prepoznat je kao najzgodnije vrijeme za odr\u017eavanje festivala. Unato\u010d strahu odaziv je bio dobar. Prvi je festival vi\u0161e dao organizatoru nego on njemu. Ohrabreni predlo\u017eili su pisanje novih tekstova i komponiranje nove glazbe, izvo\u0111enje poznatih i nepoznatih pjesama duhovnog sadr\u017eaja. \u017deljeli se plemenitom aktivno\u0161\u0107u zaokupiti mnogo djece. Dru\u017eenje, zauzetost, stvarala\u0161tvo, stapanje u jedno, sve su to vrline koje su djeca stjecala zabavljaju\u0107i se stvaranjem repertoara za \u201eIskrice\u201c. Zbog njihove borbenosti i \u017eara Festival je natjecateljski. Na Festivalu nastupaju dvije kategorije zborova: \u017eupski i \u0161kolski. S vremenom se rodila i tre\u0107a kategorija, dobrovoljaca koji su stvorili vlastitu grupu \u2013 dje\u010djih crkvenih zborova i katoli\u010dkih udruga. Festival je u \u0161esnaest godina animirao i motivirao oko 8000 djece i njihovih pratilaca. Odra\u0111eno je tisu\u0107e sati plemenitog, odgojnog i dobrovoljnog rada. Svojevrsni fenomen! Svake je godine Festival stavljen pod za\u0161titu Sluge Bo\u017ejega Egidija Bule\u0161i\u0107a koji je u Istri zasjao kao apostol djece i mladih.\r\n\r\nPrvi je festival odr\u017ean u \u017dupnoj crkvi, ali se pokazalo kako dinami\u010dnost i uigranost djece ne prili\u010di jednom takvom duhovnom i hodo\u010dasni\u010dkom sredi\u0161tu. Dva slijede\u0107a odr\u017eana su u crkvi Gospe Karmelske, jednog u vodnjanskom Domu mladih a sve ostale na Narodnom trgu popularnoj placi,\r\n\r\nZa organizaciju festivala koji je rastao iz godine u godinu trebalo je rije\u0161iti stolice, sanitarne kabine, osigurati red, protokol izvedbi, tonske proba. Djeca su s putovanjem ostajala van ku\u0107e po pet \u0161est sati. Trebalo im je osigurati sendvi\u010de i pi\u0107e. Izrada nagrada, tiskanje diploma i slanje mnogostrukog materijala, poskupilo je odr\u017eavanje Festivala. Zbog toga se organizatoru, HKZ \u201eMI\u201c osnovna zajednica Vodnjan, u vidu pokroviteljstva pridru\u017euju: <a title=\"Pore\u010dko-pulska biskupija\" href=\"http:\/\/hr.wikipedia.org\/wiki\/Pore%C4%8Dko-pulska_biskupija\" target=\"_blank\">Pore\u010dko-pulska biskupija<\/a>, Grad Vodnjan i <a title=\"Istarska \u017eupanija\" href=\"http:\/\/hr.wikipedia.org\/wiki\/Istarska_%C5%BEupanija\" target=\"_blank\">Istarska \u017eupanija<\/a>.\r\n\r\nSvake se godine skupi oko 400 - 500 djece. I tada kao da se prolje\u0107e spustilo na Vodnjan, kako re\u010de biskup jedne godine na otvaranju Festivala. Djecu prate roditelji, prijateljia i simpatizeri. Osnovci svih razreda, \u010dak pred\u0161kolci, \u0161arolikost njihovih odijela, cik i \u017eamor, vesela i tolika razli\u010dita lica, Vodnjan su pretvorila u svojevrsnu umjetni\u010dku galeriju.\u201c Parada je to mladosti, veselja, ljepote i nevinosti. Trebalo je samo vidjeti onaj \u017ear, ono pljeskanje i bodrenje i za najmanje nagrade. Odu\u0161evljenje kojim su \u010destitali mali nezavidni ljudi jedni drugima. Trebalo je \u010duti pjevanje koje ni\u010dim nije optere\u0107eno, pjevanje koje lije\u010di.\r\n\r\nKako napreduje i koje efekte ostvaruje u domeni odgoja djece mogao bi postati i Smotra dje\u010djeg likovnog, poetskog i dramskog stvarala\u0161tva. U tome bi trebala na\u0107i\u00a0 svoj interes \u0161iroka dru\u0161tvena zajednica jer djeca su budu\u0107nost. Grad Vodnjan danas \u201eIskrice\u201c prepoznaje kao svoju iznimnu kulturnu manifestaciju. Organizator \u017eeli da Festival okuplja \u0161to vi\u0161e djece, da se ispuni Kristova poruka: \u201ePustite dje\u010dicu k meni, nemojte im prije\u010diti, jer takvima pripada kraljevstvo Bo\u017eje!\u201c (Mt 10,14) Poruka je zapravo, op\u0107i poziv koji pokriva i pokrivat \u0107e sve Festivale. Pokriva i sveukupni ljudski \u017eivot, jer mi smo uvijek samo djeca, a \u017eivot je poziv vje\u010dnoga Oca!\r\n\r\n<iframe style=\"width:100%; height:520px;\" src=\"\/\/e.issuu.com\/embed.html#3536577\/1173599\" frameborder=\"0\" allowfullscreen><\/iframe>\r\n[justified_image_grid nggallery=24]\r\n\r\n[divider scroll_text=\"\"]\r\n\r\n[show-menu menu=\"Podmenu\"]","_et_gb_content_width":"","ngg_post_thumbnail":0,"footnotes":""},"dipi_cpt_category":[],"class_list":["post-4053","page","type-page","status-publish","hentry"],"_links":{"self":[{"href":"https:\/\/zupavodnjan.com\/en\/wp-json\/wp\/v2\/pages\/4053","targetHints":{"allow":["GET"]}}],"collection":[{"href":"https:\/\/zupavodnjan.com\/en\/wp-json\/wp\/v2\/pages"}],"about":[{"href":"https:\/\/zupavodnjan.com\/en\/wp-json\/wp\/v2\/types\/page"}],"author":[{"embeddable":true,"href":"https:\/\/zupavodnjan.com\/en\/wp-json\/wp\/v2\/users\/5"}],"replies":[{"embeddable":true,"href":"https:\/\/zupavodnjan.com\/en\/wp-json\/wp\/v2\/comments?post=4053"}],"version-history":[{"count":2,"href":"https:\/\/zupavodnjan.com\/en\/wp-json\/wp\/v2\/pages\/4053\/revisions"}],"predecessor-version":[{"id":5204,"href":"https:\/\/zupavodnjan.com\/en\/wp-json\/wp\/v2\/pages\/4053\/revisions\/5204"}],"up":[{"embeddable":true,"href":"https:\/\/zupavodnjan.com\/en\/wp-json\/wp\/v2\/pages\/3968"}],"wp:attachment":[{"href":"https:\/\/zupavodnjan.com\/en\/wp-json\/wp\/v2\/media?parent=4053"}],"wp:term":[{"taxonomy":"dipi_cpt_category","embeddable":true,"href":"https:\/\/zupavodnjan.com\/en\/wp-json\/wp\/v2\/dipi_cpt_category?post=4053"}],"curies":[{"name":"wp","href":"https:\/\/api.w.org\/{rel}","templated":true}]}}